{"id":75128,"date":"2022-02-27T15:15:03","date_gmt":"2022-02-27T15:15:03","guid":{"rendered":"https:\/\/www.best-tours-morocco.com\/wp\/day-tours\/"},"modified":"2022-03-17T15:08:32","modified_gmt":"2022-03-17T15:08:32","slug":"excursiones","status":"publish","type":"page","link":"https:\/\/www.best-tours-morocco.com\/es\/excursiones\/","title":{"rendered":"Excursiones"},"content":{"rendered":"<h4>Excursi\u00f3n Essaouira<\/h4>\n<p>La costa atl\u00e1ntica de Marruecos es precioso y, una vez que usted visite, querr\u00e1 volver. Essaouira, un pueblo tranquilo situado a 3 horas de Marrakech, es un sitio del Patrimonio Mundial de la UNESCO \u2013 una ciudad protegida. Las murallas de Essaouria y la ciudad amurallada del siglo XVI, ofrece impresionantes vistas del oc\u00e9ano Atl\u00e1ntico. Un viaje de un d\u00eda a Essaouria \u2013 una de las medinas m\u00e1s encantadores de todo Marruecos \u2013 le dar\u00e1 tiempo suficiente para visitar los monumentos m\u00e1s importantes, el antiguo mercado de pescado, y el puerto mar\u00edtimo. Usted tambi\u00e9n tendr\u00e1 la oportunidad de ver a la plata, artesanos y talladores de madera en el trabajo.<\/p>\n<h4>ATLAS<\/h4>\n<p>Recoger a las 9am desde Marrakech y viajar hacia el Alto Atlas. Asni y alrededores pueblos ber\u00e9beres rincones para escaparse de picante y ex\u00f3tica atracci\u00f3n de Marrakech a este fr\u00edo y resistente casa bereber. Un grupo de pueblos alrededor de la rivervalley Moulay Ibrahim en un escenario espectacular de monta\u00f1as del Alto Atlas, con magn\u00edficas vistas de la monta\u00f1a m\u00e1s alta de Marruecos y el Norte de \u00c1frica djebel Toubkal. Una atm\u00f3sfera acogedora de diminutas aldeas, laderas empinadas, cascadas y exuberantes jardines verdes. Parar en uno de los hogares bereber para un vaso de t\u00e9 de menta. Si te gusta la posibilidad de hacer una corta caminata a unos 20 minutos de las cataratas del Iguaz\u00fa en el OurikaValley, hogar del Parque Nacional Toubkal. Espera volver a alrededor de las 5pm.<\/p>\n<h4>Las cascadas de Ouzoud,<\/h4>\n<p>Im\u00e1genes de Ouzoud aparecen en casi cada folleto tur\u00edstico de Marruecos. Las cataratas se encuentran a 3 hora en autom\u00f3vil de Marrakech y se encontr\u00f3 en medio de la cordillera del Atlas. Ca\u00edda desde una altura de m\u00e1s de 100 metros, las cataratas se sumergen en una interminable serie de piscinas. La quebrada de Las Cascadas de Ouzoud, es el hogar de familias de simios Barbary y una variedad de especies de aves nativas, un observador de aves de la delicia! Muchos visitantes a Marruecos no esperes que este tipo de \u201cexperiencia natural\u201d, por lo que una visita a la bella Ouzoud viene como una refrescante sorpresa.<\/p>\n<h4>Valle de Ourika<\/h4>\n<p>Una escapada de fin de semana favorita para los nativos marroqu\u00edes, el valle de Ourika est\u00e1 a 30 km de Marrakech y descansa entre las estribaciones de las monta\u00f1as del Atlas. Un escape de la vida de la ciudad, el Valle atrae a los visitantes con un ambiente acogedor de diminutas aldeas, laderas empinadas, cascadas y exuberantes jardines verdes. No se olvide de parar y visitar los pueblos bereberes en el camino. Valle de Ourika se puede visitar s\u00f3lo como excursi\u00f3n de medio d\u00eda en lugar del d\u00eda completo. Usted puede disfrutar de ella en la ma\u00f1ana con regreso a Marrakech despu\u00e9s del almuerzo o si prefiere puede apartarse de Marrakech, disfrutando de la tarde en el Ourika y luego volver a Marrakech despu\u00e9s de cenar en el valle.<\/p>\n<h4>OUARZAZATE (TELOUET y Ait Ben Haddou KASBAHS)<\/h4>\n<p>Esta excursi\u00f3n de un d\u00eda le llevar\u00e1 a trav\u00e9s de la cadena del Alto Atlas por el Tizi N\u2019Tichka Pass \u2013 un imponente paisaje de las monta\u00f1as altas y tradicionales pueblos ber\u00e9beres. El descenso por el lado este de la cadena ofrece un cambio repentino en el exuberante paisaje a un panorama \u00e1rido y desierto. En Ouarzazate, visita de la Kasbah de Ait Ben Haddou y Taourirt Kasbah. Ait Ben Haddou es protegido por la UNESCO Sitio del siglo 11 que inspir\u00f3 a muchos cineastas, Gladiator y Lawrence de Arabia fue filmada all\u00ed. Las vistas desde las alturas superiores son impresionantes y merece la pena la ascensi\u00f3n de calles estrechas y sinuosas.<\/p>\n<h4>MARRAKECH<\/h4>\n<p>Marrakech Turismo actividades y cosas para hacer y ver en Marrakech .<\/p>\n<p>Como cualquiera sabe Marrakech es una de las m\u00e1s antiguas ciudades imperiales fundada alrededor de 1060-1106) por el rey Yusuf Ibn Tachafine el imperio de la dinast\u00eda Bereberes Almor\u00e1vides (, ubicado en el Hawz, una\u00a0llanura agr\u00edcola delimitada al sur y al este por las monta\u00f1as del gran Atlas, y regado por el r\u00edo Tansift, llamado la perle del sur, tiene unas impresionantes vistas de los picos nevados de las monta\u00f1as del Alto Atlas, rodeado por miles de palmeras y campos de agricultura.<\/p>\n<p>En la gobernanza de la dinast\u00eda Almaravides (1055-1157)Marrakech se convirti\u00f3 en la base para el comercio y la conquista de Marruecos, las porciones del Magreb y de Andaluc\u00eda.<\/p>\n<p>El ampire ha ampliado en ese momento desde Espa\u00f1a a Senegal, Marrakech fue el cruce de las antiguas rutas de caravanas de Tombuct\u00fa es un destino clave para el comercio y el indulto para los cansados comerciantes subsahariana llevando oro, sal y esclavos con destino a Europa.<\/p>\n","protected":false},"excerpt":{"rendered":"<p>Excursi\u00f3n Essaouira La costa atl\u00e1ntica de Marruecos es precioso y, una vez que usted visite, querr\u00e1 volver. Essaouira, un pueblo tranquilo situado a 3 horas de Marrakech, es un sitio del Patrimonio Mundial de la UNESCO \u2013 una ciudad protegida. Las murallas de Essaouria y la ciudad amurallada del siglo XVI, ofrece impresionantes vistas del&#8230;<\/p>\n","protected":false},"author":1,"featured_media":0,"parent":0,"menu_order":0,"comment_status":"closed","ping_status":"closed","template":"","meta":{"_kad_post_transparent":"default","_kad_post_title":"default","_kad_post_layout":"default","_kad_post_sidebar_id":"","_kad_post_content_style":"default","_kad_post_vertical_padding":"default","_kad_post_feature":"","_kad_post_feature_position":"","_kad_post_header":false,"_kad_post_footer":false,"footnotes":""},"class_list":["post-75128","page","type-page","status-publish","hentry"],"_links":{"self":[{"href":"https:\/\/www.best-tours-morocco.com\/es\/wp-json\/wp\/v2\/pages\/75128\/"}],"collection":[{"href":"https:\/\/www.best-tours-morocco.com\/es\/wp-json\/wp\/v2\/pages\/"}],"about":[{"href":"https:\/\/www.best-tours-morocco.com\/es\/wp-json\/wp\/v2\/types\/page\/"}],"author":[{"embeddable":true,"href":"https:\/\/www.best-tours-morocco.com\/es\/wp-json\/wp\/v2\/users\/1\/"}],"replies":[{"embeddable":true,"href":"https:\/\/www.best-tours-morocco.com\/es\/wp-json\/wp\/v2\/comments\/?post=75128"}],"version-history":[{"count":2,"href":"https:\/\/www.best-tours-morocco.com\/es\/wp-json\/wp\/v2\/pages\/75128\/revisions\/"}],"predecessor-version":[{"id":75172,"href":"https:\/\/www.best-tours-morocco.com\/es\/wp-json\/wp\/v2\/pages\/75128\/revisions\/75172\/"}],"wp:attachment":[{"href":"https:\/\/www.best-tours-morocco.com\/es\/wp-json\/wp\/v2\/media\/?parent=75128"}],"curies":[{"name":"wp","href":"https:\/\/api.w.org\/{rel}","templated":true}]}}