{"id":75126,"date":"2022-02-27T15:15:26","date_gmt":"2022-02-27T15:15:26","guid":{"rendered":"https:\/\/www.best-tours-morocco.com\/wp\/camel-trekking\/"},"modified":"2022-03-17T15:07:52","modified_gmt":"2022-03-17T15:07:52","slug":"paseo-en-camellos","status":"publish","type":"page","link":"https:\/\/www.best-tours-morocco.com\/es\/paseo-en-camellos\/","title":{"rendered":"Paseo en Camellos"},"content":{"rendered":"<p>Un viaje al\u00a0desierto del Sahara Marruecos es sin duda\u00a0una\u00a0experiencia que todo el mundo deber\u00eda\u00a0tener\u00a0por lo menos\u00a0una vez en\u00a0su\u00a0vida. Es\u00a0un viaje bien vale\u00a0la pena el esfuerzo y\u00a0tendr\u00e1\u00a0buenos recuerdos\u00a0\u00a0para durar\u00a0para siempre. Imag\u00ednese\u00a0encima de un\u00a0camello, trekking en el desierto del Sahara. No hay nada que te rodea\u00a0y todo\u00a0lo que usted puede o\u00edr\u00a0son las\u00a0huellas\u00a0del\u00a0camello\u00a0en la suave\u00a0arena. El cielo es amplio\u00a0y\u00a0claro\u00a0en el\u00a0d\u00eda\u00a0y\u00a0lleno de\u00a0millones de\u00a0\u00a0estrellas brillantes\u00a0en la\u00a0noche. Es\u00a0\u00a0una\u00a0experiencia muy pac\u00edfica, uno raley conocido\u00a0por la\u00a0mayor\u00eda\u00a0del mundo occidental. El\u00a0color\u00a0de las dunas\u00a0depende, naturalmente, de su\u00a0composici\u00f3n qu\u00edmica, pero el\u00a0color tambi\u00e9n var\u00eda en funci\u00f3n\u00a0de la inclinaci\u00f3n de la\u00a0pendiente, de manera que\u00a0el \u00e1ngulo de incidencia de la luz solar. Erg Chebbi\u00a0se extiende\u00a0sobre una distancia de 28 km\u00a0de norte\u00a0a\u00a0sur\u00a0y 6,5 km al\u00a0este. La belleza de estas\u00a0dunas\u00a0es\u00a0un\u00a0im\u00e1n\u00a0para\u00a0los turistas extranjeros\u00a0y\u00a0marroqu\u00edes. Este \u00faltimo objetivo del Oasis a buscar tratamiento\u00a0para ciertas\u00a0enfermedades como el\u00a0reumatismo.<\/p>\n<h4>1 Noche de trekking<\/h4>\n<p>Comenzar la\u00a0tarde, dos horas antes de la puesta del sol\u00a0y\u00a0los viajeros deben estar preparados\u00a0para\u00a0pasar\u00a0la noche en el campamento (carpas bereber\u00a0en medio de\u00a0las dunas de arena\u00a0,\u00a0despu\u00e9s de cruzar\u00a0las\u00a0m\u00e1s altas dunas de arena\u00a0y a trav\u00e9s de\u00a0esta aventura persona ser\u00e1 puesta de sol\u00a0e ir al campamento y tiene un\u00a0t\u00e9 de menta\u00a0\u201d\u00a0whisky bereber\u201d en una\u00a0tienda bereber con cena, un tambor\u00a0fiesta\u00a0con\u00a0m\u00fasica bereber\u00a0bajo\u00a0el\u00a0cielo\u00a0lleno de estrellas en la\u00a0ma\u00f1ana, usted\u00a0tiene que\u00a0levantarse\u00a0para\u00a0\u00a0ver el amanecer y\u00a0un\u00a0color dorado\u00a0sobre las\u00a0\u00a0dunas de arena y\u00a0tomar\u00a0un\u00a0\u00a0desayuno bereber en\u00a0esta\u00a0tranquila\u00a0entonces, camello\u00a0trek al\u00a0hotel Kasbash.<\/p>\n<h4>D\u00eda y Noche Trek Camel<\/h4>\n<p>Comenzar por la\u00a0ma\u00f1ana\u00a0y\u00a0durante\u00a0el\u00a0camello\u00a0trek\u00a0cruzar\u00e1\u00a0todas\u00a0las\u00a0dunas de arena para\u00a0llegar\u00a0a los\u00a0bereberes\u00a0\/\u00a0familias de beduinos\u00a0que viven en el\u00a0desierto negro\u00a0(Lahmada) y obtendr\u00e1\u00a0una\u00a0idea\u00a0de\u00a0\u00a0tradiciones n\u00f3madas y eche un vistazo de c\u00f3mo\u00a0viven\u00a0y\u00a0\u00a0un almuerzo\u00a0con ellos\u00a0y\u00a0tomar\u00a0un\u00a0descanso antes de estar listos\u00a0para el\u00a0resto\u00a0del recorrido,\u00a0dos horas antes de la puesta del sol tienes\u00a0que montar en los\u00a0camellos\u00a0para\u00a0llegar\u00a0al\u00a0\u00a0campamento existente en el medio de\u00a0las\u00a0dunas de arena y\u00a0estar listo\u00a0para\u00a0dormir\u00a0la noche en una\u00a0carpa bereber bajo\u00a0las estrellas\u00a0con\u00a0una\u00a0deliciosa cena\u00a0y un\u00a0\u00a0desayuno dulce\u00a0despu\u00e9s del amanecer despu\u00e9s de subir\u00a0las dunas,\u00a0cerca\u00a0de\u00a0la tiendas de\u00a0vuelta al\u00a0hotel.<\/p>\n<h4>2\u00a0Noches camel\u00a0trek<\/h4>\n<p>Esto\u00a0depende\u00a0del\u00a0\u00a0tiempo de viaje m\u00e1s\u00a0que otros\u00a0y\u00a0que conseguir\u00e1s\u00a0ver\u00a0los\u00a0\u00a0lugares m\u00e1s interesantes\u00a0alrededor de\u00a0una de las\u00a0grandes\u00a0dunas de arena negra en la distancia,\u00a0a trav\u00e9s de\u00a0los oasis y\u00a0pasar\u00a0la noche\u00a0con\u00a0los\u00a0beduinos\u00a0del desierto \/ familias bereberes, visitar\u00a0pueblos y\u00a0mayormente lagos del desierto, especialmente cuando est\u00e1n\u00a0llenos de agua,\u00a0despu\u00e9s de\u00a0una buena\u00a0temporada de lluvias.<\/p>\n","protected":false},"excerpt":{"rendered":"<p>Un viaje al\u00a0desierto del Sahara Marruecos es sin duda\u00a0una\u00a0experiencia que todo el mundo deber\u00eda\u00a0tener\u00a0por lo menos\u00a0una vez en\u00a0su\u00a0vida. Es\u00a0un viaje bien vale\u00a0la pena el esfuerzo y\u00a0tendr\u00e1\u00a0buenos recuerdos\u00a0\u00a0para durar\u00a0para siempre. Imag\u00ednese\u00a0encima de un\u00a0camello, trekking en el desierto del Sahara. No hay nada que te rodea\u00a0y todo\u00a0lo que usted puede o\u00edr\u00a0son las\u00a0huellas\u00a0del\u00a0camello\u00a0en la suave\u00a0arena. El cielo es&#8230;<\/p>\n","protected":false},"author":1,"featured_media":0,"parent":0,"menu_order":0,"comment_status":"closed","ping_status":"closed","template":"","meta":{"_kad_post_transparent":"default","_kad_post_title":"default","_kad_post_layout":"default","_kad_post_sidebar_id":"","_kad_post_content_style":"default","_kad_post_vertical_padding":"default","_kad_post_feature":"","_kad_post_feature_position":"","_kad_post_header":false,"_kad_post_footer":false,"footnotes":""},"class_list":["post-75126","page","type-page","status-publish","hentry"],"_links":{"self":[{"href":"https:\/\/www.best-tours-morocco.com\/es\/wp-json\/wp\/v2\/pages\/75126\/"}],"collection":[{"href":"https:\/\/www.best-tours-morocco.com\/es\/wp-json\/wp\/v2\/pages\/"}],"about":[{"href":"https:\/\/www.best-tours-morocco.com\/es\/wp-json\/wp\/v2\/types\/page\/"}],"author":[{"embeddable":true,"href":"https:\/\/www.best-tours-morocco.com\/es\/wp-json\/wp\/v2\/users\/1\/"}],"replies":[{"embeddable":true,"href":"https:\/\/www.best-tours-morocco.com\/es\/wp-json\/wp\/v2\/comments\/?post=75126"}],"version-history":[{"count":2,"href":"https:\/\/www.best-tours-morocco.com\/es\/wp-json\/wp\/v2\/pages\/75126\/revisions\/"}],"predecessor-version":[{"id":75170,"href":"https:\/\/www.best-tours-morocco.com\/es\/wp-json\/wp\/v2\/pages\/75126\/revisions\/75170\/"}],"wp:attachment":[{"href":"https:\/\/www.best-tours-morocco.com\/es\/wp-json\/wp\/v2\/media\/?parent=75126"}],"curies":[{"name":"wp","href":"https:\/\/api.w.org\/{rel}","templated":true}]}}