{"id":75125,"date":"2022-02-27T15:11:13","date_gmt":"2022-02-27T15:11:13","guid":{"rendered":"https:\/\/www.best-tours-morocco.com\/wp\/about-us\/"},"modified":"2022-03-17T15:07:13","modified_gmt":"2022-03-17T15:07:13","slug":"quienes-somos","status":"publish","type":"page","link":"https:\/\/www.best-tours-morocco.com\/es\/quienes-somos\/","title":{"rendered":"Quienes Somos"},"content":{"rendered":"<p>Somos una familia de desierto de Marruecos que nos especializamos , durante varios a\u00f1os , organizaci\u00f3n de las rutas de viaje y descubriendo la belleza de Marruecos.<\/p>\n<p>En nuestros viajes , los viajeros son acompa\u00f1ados a descubrir el encanto que esconde las dunas del desierto, para vivir y pasar tiempo con familias n\u00f3madas del desierto , a mezclarse con los lugare\u00f1os en los mercados y alquiler de 4 X4 se mueve en los diferentes campos del pa\u00eds.Nuestro objetivo es hacer de su viaje una experiencia inolvidable.Ofrecemos viajes especiales para grupos, familias, empresas , solo . te invitamos a dejarse envolver con el aroma de sus calles, con sus contrastes paisaj\u00edsticos, con sus Costumbres, cultura milenaria y la hospitalidad de sus habitantes que tanto sorprenden al visitante .<\/p>\n<p>No importa que usted venga y esa \u00e9poca del a\u00f1o \u2026 en Marruecos siempre sorpresas te esperan.<\/p>\n","protected":false},"excerpt":{"rendered":"<p>Somos una familia de desierto de Marruecos que nos especializamos , durante varios a\u00f1os , organizaci\u00f3n de las rutas de viaje y descubriendo la belleza de Marruecos. En nuestros viajes , los viajeros son acompa\u00f1ados a descubrir el encanto que esconde las dunas del desierto, para vivir y pasar tiempo con familias n\u00f3madas del desierto&#8230;<\/p>\n","protected":false},"author":1,"featured_media":0,"parent":0,"menu_order":0,"comment_status":"closed","ping_status":"closed","template":"","meta":{"_kad_post_transparent":"default","_kad_post_title":"default","_kad_post_layout":"default","_kad_post_sidebar_id":"","_kad_post_content_style":"default","_kad_post_vertical_padding":"default","_kad_post_feature":"","_kad_post_feature_position":"","_kad_post_header":false,"_kad_post_footer":false,"footnotes":""},"class_list":["post-75125","page","type-page","status-publish","hentry"],"_links":{"self":[{"href":"https:\/\/www.best-tours-morocco.com\/es\/wp-json\/wp\/v2\/pages\/75125\/"}],"collection":[{"href":"https:\/\/www.best-tours-morocco.com\/es\/wp-json\/wp\/v2\/pages\/"}],"about":[{"href":"https:\/\/www.best-tours-morocco.com\/es\/wp-json\/wp\/v2\/types\/page\/"}],"author":[{"embeddable":true,"href":"https:\/\/www.best-tours-morocco.com\/es\/wp-json\/wp\/v2\/users\/1\/"}],"replies":[{"embeddable":true,"href":"https:\/\/www.best-tours-morocco.com\/es\/wp-json\/wp\/v2\/comments\/?post=75125"}],"version-history":[{"count":3,"href":"https:\/\/www.best-tours-morocco.com\/es\/wp-json\/wp\/v2\/pages\/75125\/revisions\/"}],"predecessor-version":[{"id":75169,"href":"https:\/\/www.best-tours-morocco.com\/es\/wp-json\/wp\/v2\/pages\/75125\/revisions\/75169\/"}],"wp:attachment":[{"href":"https:\/\/www.best-tours-morocco.com\/es\/wp-json\/wp\/v2\/media\/?parent=75125"}],"curies":[{"name":"wp","href":"https:\/\/api.w.org\/{rel}","templated":true}]}}