{"id":75119,"date":"2022-02-27T15:19:54","date_gmt":"2022-02-27T15:19:54","guid":{"rendered":"https:\/\/www.best-tours-morocco.com\/wp\/9-days-from-fez-and-the-mediterranean\/"},"modified":"2022-03-17T15:05:51","modified_gmt":"2022-03-17T15:05:51","slug":"9-dias-de-fez-y-el-mediterraneo","status":"publish","type":"page","link":"https:\/\/www.best-tours-morocco.com\/es\/9-dias-de-fez-y-el-mediterraneo\/","title":{"rendered":"9 D\u00edas de Fez y el Mediterr\u00e1neo"},"content":{"rendered":"<h4>D\u00eda 1: Fez :<\/h4>\n<p>A su llegada al\u00a0aeropuerto de Fez\u00a0uno de\u00a0nuestro\u00a0equipo\u00a0le dar\u00e1 la bienvenida a continuaci\u00f3n, trasladar\u00e1\u00a0a\u00a0su\u00a0alojamiento.<\/p>\n<h4>D\u00eda 2: Fez\u00a0Visita\u00a0:<\/h4>\n<p>Despu\u00e9s del\u00a0desayuno, una\u00a0visita\u00a0a una de las\u00a0famosas ciudades\u00a0de\u00a0Marruecos es muy\u00a0importante, la posibilidad de\u00a0visitar\u00a0los\u00a0\u00a0monumentos hist\u00f3ricos y de la\u00a0antigua\u00a0medina\u00a0con sus hermosas calles estrechas.<\/p>\n<h4>D\u00eda 3: Fez para\u00a0Ouad Laou\u00a0:<\/h4>\n<p>Este\u00a0viaje va\u00a0a\u00a0llevarnos\u00a0a la\u00a0magia\u00a0del\u00a0norte, a la hermosa ciudad\u00a0de\u00a0Ouad Laou, que anida\u00a0en el\u00a0norte\u00a0de\u00a0Marruecos,\u00a0en la\u00a0costa mediterr\u00e1nea. Muy hermosos paisajes\u00a0para\u00a0disfrutar mientras se conduce\u00a0por el\u00a0lado del mar a lo largo\u00a0del viaje.<\/p>\n<h4>D\u00eda 4:\u00a0Ouad Laou\u00a0a T\u00e1nger a trav\u00e9s de\u00a0Tetu\u00e1n\u00a0:<\/h4>\n<p>Despu\u00e9s del\u00a0desayuno,\u00a0partiremos\u00a0con la novia del\u00a0norte\u00a0como el\u00a0marroqu\u00ed prefieren\u00a0llamar a la ciudad de T\u00e1nger,\u00a0incluida\u00a0una\u00a0visita\u00a0a la\u00a0hermosa\u00a0ciudad de\u00a0Tetu\u00e1n, L\u00e1grimas\u00a0en locales de la\u00a0lengua bereber.<\/p>\n<h4>D\u00eda 5: Tanger\u00a0Visita\u00a0:<\/h4>\n<p>Novia\u00a0o la\u00a0Perla\u00a0del\u00a0norte definitivamente vale la pena\u00a0una\u00a0visita\u00a0a\u00a0sus\u00a0monumentos hist\u00f3ricos y\u00a0\u00a0sitios naturales\u00a0como\u00a0la Cueva de H\u00e9rcules. El\u00a0contraste\u00a0de las\u00a0antiguas\u00a0y modernas\u00a0es algo nuevo\u00a0para observar\u00a0mientras caminaba por\u00a0las\u00a0calles\u00a0de\u00a0esta\u00a0ciudad el levantamiento.<\/p>\n<h4>D\u00eda 6: Tanger hacia\u00a0Meknes\u00a0:<\/h4>\n<p>Este\u00a0viaje nos llevar\u00e1 de\u00a0vuelta a las\u00a0ciudades imperiales, para visitar\u00a0la ciudad\u00a0que se encuentra\u00a0en el centro de\u00a0Marruecos, en la ciudad de Meknes. A lo largo del camino, el verde y prosperar\u00a0aterriza en\u00a0Marruecos puede ser observado.<\/p>\n<h4>D\u00eda 7:\u00a0Visita Meknes\u00a0:<\/h4>\n<p>Meknes es\u00a0una ciudad\u00a0con muchas puertas que rodeado de enormes murallas, fundada\u00a0por el\u00a0Ismailiyan. Los\u00a0monumentos hist\u00f3ricos\u00a0como\u00a0la\u00a0famosa\u00a0plaza Lahdim y\u00a0Qara la\u00a0c\u00e1rcel, la\u00a0tumba\u00a0de Moulay Ismail\u2026.\u00a0Definitivamente vale la pena\u00a0una\u00a0visita.<\/p>\n<h4>D\u00eda 8:\u00a0Meknes\u00a0a Fez a trav\u00e9s de Volubilis :<\/h4>\n<p>Despu\u00e9s del\u00a0desayuno\u00a0partiremos\u00a0para\u00a0visitar la\u00a0ciudad sagrada\u00a0de Moulay Idriss Zerhoun en\u00a0nuestro camino de\u00a0regreso a Fez,\u00a0tambi\u00e9n podremos visitar\u00a0la\u00a0antigua\u00a0ciudad romana de Volubilis, para continuar\u00a0nuestro camino\u00a0para\u00a0unir\u00a0la ciudad de Fez<\/p>\n<h4>D\u00eda 9:\u00a0\u00a0Traslado al aeropuerto de Fez<\/h4>\n","protected":false},"excerpt":{"rendered":"<p>D\u00eda 1: Fez : A su llegada al\u00a0aeropuerto de Fez\u00a0uno de\u00a0nuestro\u00a0equipo\u00a0le dar\u00e1 la bienvenida a continuaci\u00f3n, trasladar\u00e1\u00a0a\u00a0su\u00a0alojamiento. D\u00eda 2: Fez\u00a0Visita\u00a0: Despu\u00e9s del\u00a0desayuno, una\u00a0visita\u00a0a una de las\u00a0famosas ciudades\u00a0de\u00a0Marruecos es muy\u00a0importante, la posibilidad de\u00a0visitar\u00a0los\u00a0\u00a0monumentos hist\u00f3ricos y de la\u00a0antigua\u00a0medina\u00a0con sus hermosas calles estrechas. D\u00eda 3: Fez para\u00a0Ouad Laou\u00a0: Este\u00a0viaje va\u00a0a\u00a0llevarnos\u00a0a la\u00a0magia\u00a0del\u00a0norte, a la hermosa ciudad\u00a0de\u00a0Ouad Laou, que anida\u00a0en&#8230;<\/p>\n","protected":false},"author":1,"featured_media":0,"parent":0,"menu_order":0,"comment_status":"closed","ping_status":"closed","template":"","meta":{"_kad_post_transparent":"default","_kad_post_title":"default","_kad_post_layout":"default","_kad_post_sidebar_id":"","_kad_post_content_style":"default","_kad_post_vertical_padding":"default","_kad_post_feature":"","_kad_post_feature_position":"","_kad_post_header":false,"_kad_post_footer":false,"footnotes":""},"class_list":["post-75119","page","type-page","status-publish","hentry"],"_links":{"self":[{"href":"https:\/\/www.best-tours-morocco.com\/es\/wp-json\/wp\/v2\/pages\/75119\/"}],"collection":[{"href":"https:\/\/www.best-tours-morocco.com\/es\/wp-json\/wp\/v2\/pages\/"}],"about":[{"href":"https:\/\/www.best-tours-morocco.com\/es\/wp-json\/wp\/v2\/types\/page\/"}],"author":[{"embeddable":true,"href":"https:\/\/www.best-tours-morocco.com\/es\/wp-json\/wp\/v2\/users\/1\/"}],"replies":[{"embeddable":true,"href":"https:\/\/www.best-tours-morocco.com\/es\/wp-json\/wp\/v2\/comments\/?post=75119"}],"version-history":[{"count":1,"href":"https:\/\/www.best-tours-morocco.com\/es\/wp-json\/wp\/v2\/pages\/75119\/revisions\/"}],"predecessor-version":[{"id":75167,"href":"https:\/\/www.best-tours-morocco.com\/es\/wp-json\/wp\/v2\/pages\/75119\/revisions\/75167\/"}],"wp:attachment":[{"href":"https:\/\/www.best-tours-morocco.com\/es\/wp-json\/wp\/v2\/media\/?parent=75119"}],"curies":[{"name":"wp","href":"https:\/\/api.w.org\/{rel}","templated":true}]}}