{"id":75118,"date":"2022-02-27T15:20:23","date_gmt":"2022-02-27T15:20:23","guid":{"rendered":"https:\/\/www.best-tours-morocco.com\/wp\/9-days-casablanca-meknes-fes-marrakech-essaouira\/"},"modified":"2022-03-17T15:05:15","modified_gmt":"2022-03-17T15:05:15","slug":"9-dias-de-casablanca-meknes-fes-marrakech","status":"publish","type":"page","link":"https:\/\/www.best-tours-morocco.com\/es\/9-dias-de-casablanca-meknes-fes-marrakech\/","title":{"rendered":"9 D\u00edas de Casablanca Meknes Fes Marrakech"},"content":{"rendered":"<h4>D\u00eda 1: Casablanca:<\/h4>\n<p>Llegar en el aeropuerto de Casablanca. Su gu\u00eda local le encontrar\u00e1 acompa\u00f1ar\u00e1 a su hotel (dependiendo de la hora de llegada). Cena y pernocte.<\/p>\n<h4>D\u00eda 2: Casablanca, Rabat :<\/h4>\n<p>Hoy despu\u00e9s del desayuno en el hotel, usted tendr\u00e1 una breve excursi\u00f3n por la ciudad de Casablanca, la ciudad m\u00e1s grande de Marruecos; es el coraz\u00f3n del comercio y la industria, usted visitar\u00e1 la Mezquita de Hassan II construida sobre el agua,\u00a0junto con el Oc\u00e9ano Atl\u00e1ntico. M\u00e1s tarde, usted partir\u00e1 hacia Rabat. Parada para almorzar y luego tener una excursi\u00f3n a la capital administrativa de Marruecos. Usted visitar\u00e1 el Palacio Real, el Mausoleo de Mohamed V y la Torre Hassan, el alminar de la mezquita incompleta iniciada por el gobernante almohade, Yaacoub al-Mansour. Tambi\u00e9n puede visitar la Kasbah des Oudaias, casas blancas con parapetos pintados azules situadas cerca de la costa atl\u00e1ntica. Cena y noche en el hotel.<\/p>\n<h4>D\u00eda 3: Rabat, Meknes Fes :<\/h4>\n<p>Hoy despu\u00e9s del desayuno en el hotel, que viajar\u00e1 a Meknes luego a la cercana ciudad de Fes. Meknes es la tercera ciudad imperial de Marruecos, con su famosa puerta, es conocido como \u201cEl Versalles de Marruecos. Usted explorar\u00e1 Bab El Mansour, una de las m\u00e1s hermosas puertas de enlace. Contin\u00fae su recorrido tur\u00edstico por visitar el mausoleo de Moulay Ismail. Usted tendr\u00e1 tiempo para almorzar y luego visitar la antigua y la nueva Medina. M\u00e1s tarde visitar\u00e1 la aldea de Moulay Idriss Zerhoun que es un lugar de peregrinaci\u00f3n para los marroqu\u00edes. Despu\u00e9s usted descubrir\u00e1 las antiguas ruinas romanas de Volubulis. Finalmente conducir a Fes.Disfrute de su velada con una cena tradicional marroqu\u00ed .pasar la noche en un Riad o Hotel.<\/p>\n<h4>D\u00eda 4: Fes :<\/h4>\n<p>Hoy despu\u00e9s del desayuno, usted tendr\u00e1 una excursi\u00f3n para explorar la ciudad real de Fez. La ma\u00f1ana estar\u00e1 visitando la Medina (antigua ciudad medieval con sus murallas y calles estrechas, que fue declarada como Patrimonio Mundial por la UNESCO en 1981. Ver\u00e1 el siglo XVI Merinid tumbas ruinas. Usted visitar\u00e1 el Bouanania y medersas Attarine construido en el siglo XIV por los Merinides, la Mezquita Karaouine (el antiguo centro educativo de cultura isl\u00e1mica), y la fuente de m\u00e1rmol Nejjarine. Usted tendr\u00e1 un descanso para el almuerzo en un t\u00edpico restaurante marroqu\u00ed. Continuando con su visita, usted podr\u00e1 ver la puerta de Bab Boujeloud decorada, las tener\u00edas medievales, el Palacio Real .A continuaci\u00f3n, visita de los Souks (Mercados Locales) donde los comerciantes y artesanos venden sus joyas hechas a mano, art\u00edculos de cuero, copperware y cer\u00e1mica. Cena y alojamiento en un hotel.<\/p>\n<h4>D\u00eda 5: Fes Ifran Azrou Beni Mellal cascadas de Ouzoud Marrakech :<\/h4>\n<p>Despu\u00e9s del desayuno en el hotel, salida hacia Marrakech (la perla del sur) a trav\u00e9s del Oriente Atlasvia Ifran, Azrou y Beni Mellal. En Ifran conocida como \u201cla Suiza de Marruecos\u201d, podr\u00e1s ver el le\u00f3n de piedra antes de que continuemos en nuestra unidad a Azrou. M\u00e1s tarde, usted tendr\u00e1 la oportunidad de ver el \u00e1rbol viejo (800 a\u00f1os llamado Cedre Gouraud) y cumplir con los monos en el bosque del cedro. Desde aqu\u00ed cruzamos Azrou, un pueblo bereber conocido por sus techos de tejas verdes. Llegaremos a Beni Mellal, donde podr\u00e1 disfrutar de su almuerzo. Continuaci\u00f3n de nuestra unidad, usted puede visitar las impresionantes cascadas de Ouzoud antes de llegar a Marrakech, donde podr\u00e1 disfrutar de su cena y pasar la noche en un Riad o hotel.<\/p>\n<h4>D\u00eda 6: Marrakech :<\/h4>\n<p>Hoy puede ser dedicado al turismo en Marrakech, la ciudad imperial del Sur. Usted visitar\u00e1 la Mezquita Koutoubia y admirar su torre, el jardin Majorelle, un jard\u00edn bot\u00e1nico, con sus variadas plantas, el siglo XVI Tumbas Saadianas; todas decoradas con coloridos mosaicos del siglo XIX, el palacio Bahia con su hermosa arquitectura oriental. Usted tendr\u00e1 un descanso para el almuerzo. En la tarde, usted tendr\u00e1 tiempo para explorar las fascinantes zocos y los callejones alrededor de la plaza Djem\u00e2a El-Fna. Por la tarde, usted quedar\u00e1 encantado con los encantadores de serpientes, cantantes, acr\u00f3batas, bailarines, narradores y cuentacuentos -pasando de un grupo a otro .Disfrute de su cena y pasar la noche en un hotel o Riad.<\/p>\n<h4>D\u00eda 7: Marrakech \u2013 Essaouira :<\/h4>\n<p>Esta ma\u00f1ana, despu\u00e9s del desayuno, dejaremos Marrakech \u201cla ciudad roja\u201d hacia Essaouira. Usted puede visitar una f\u00e1brica de Argan dirigidas por mujeres y conocer sobre el proceso de elaboraci\u00f3n del aceite de arg\u00e1n. Usted explorar\u00e1 el puerto de la ciudad tur\u00edstica costera de Essaouira. Disfrute de una comida a base de marisco fresco en la medina. La tarde est\u00e1 en el ocio para una exploraci\u00f3n personal; usted puede nadar y relajarse en la playa. Disfrute de su cena y pasar la noche en un Riad o hotel.<\/p>\n<h4>D\u00eda 8: Essaouira Safi Oualidia El Jadida Casablanca :<\/h4>\n<p>Hoy partiremos hacia Casablanca Essaouira \u201cel centro comercial de Marruecos\u201d a trav\u00e9s de la carretera costera, mientras admira las vistas. Pasaremos por Safi luego a Oualida donde podr\u00e1 disfrutar de deliciosos mariscos en este maravilloso lugar. Despu\u00e9s del almuerzo continuaremos a Casablanca pasando por El Jadida (era conocida con Mazagan), esta antigua medina fue establecido en 1513 por los portugueses. Llegar a Casablanca temprano por la noche, disfrute de su cena y alojamiento en un hotel.<\/p>\n<h4>D\u00eda 9: Casablanca :<\/h4>\n<p>Despu\u00e9s del desayuno en el hotel, traslado al aeropuerto dependiendo de la hora de salida de su vuelo.<\/p>\n","protected":false},"excerpt":{"rendered":"<p>D\u00eda 1: Casablanca: Llegar en el aeropuerto de Casablanca. Su gu\u00eda local le encontrar\u00e1 acompa\u00f1ar\u00e1 a su hotel (dependiendo de la hora de llegada). Cena y pernocte. D\u00eda 2: Casablanca, Rabat : Hoy despu\u00e9s del desayuno en el hotel, usted tendr\u00e1 una breve excursi\u00f3n por la ciudad de Casablanca, la ciudad m\u00e1s grande de Marruecos;&#8230;<\/p>\n","protected":false},"author":1,"featured_media":0,"parent":0,"menu_order":0,"comment_status":"closed","ping_status":"closed","template":"","meta":{"_kad_post_transparent":"default","_kad_post_title":"default","_kad_post_layout":"default","_kad_post_sidebar_id":"","_kad_post_content_style":"default","_kad_post_vertical_padding":"default","_kad_post_feature":"","_kad_post_feature_position":"","_kad_post_header":false,"_kad_post_footer":false,"footnotes":""},"class_list":["post-75118","page","type-page","status-publish","hentry"],"_links":{"self":[{"href":"https:\/\/www.best-tours-morocco.com\/es\/wp-json\/wp\/v2\/pages\/75118\/"}],"collection":[{"href":"https:\/\/www.best-tours-morocco.com\/es\/wp-json\/wp\/v2\/pages\/"}],"about":[{"href":"https:\/\/www.best-tours-morocco.com\/es\/wp-json\/wp\/v2\/types\/page\/"}],"author":[{"embeddable":true,"href":"https:\/\/www.best-tours-morocco.com\/es\/wp-json\/wp\/v2\/users\/1\/"}],"replies":[{"embeddable":true,"href":"https:\/\/www.best-tours-morocco.com\/es\/wp-json\/wp\/v2\/comments\/?post=75118"}],"version-history":[{"count":1,"href":"https:\/\/www.best-tours-morocco.com\/es\/wp-json\/wp\/v2\/pages\/75118\/revisions\/"}],"predecessor-version":[{"id":75166,"href":"https:\/\/www.best-tours-morocco.com\/es\/wp-json\/wp\/v2\/pages\/75118\/revisions\/75166\/"}],"wp:attachment":[{"href":"https:\/\/www.best-tours-morocco.com\/es\/wp-json\/wp\/v2\/media\/?parent=75118"}],"curies":[{"name":"wp","href":"https:\/\/api.w.org\/{rel}","templated":true}]}}