{"id":75117,"date":"2022-02-27T15:18:21","date_gmt":"2022-02-27T15:18:21","guid":{"rendered":"https:\/\/www.best-tours-morocco.com\/wp\/8-days-from-marrakech-merzouga-marrakech\/"},"modified":"2022-03-17T15:04:36","modified_gmt":"2022-03-17T15:04:36","slug":"8-dias-marrakech-merzouga-marrakech","status":"publish","type":"page","link":"https:\/\/www.best-tours-morocco.com\/es\/8-dias-marrakech-merzouga-marrakech\/","title":{"rendered":"8 D\u00edas Marrakech Merzouga Marrakech"},"content":{"rendered":"<h4>D\u00eda 1: Marrakech\u00a0:<\/h4>\n<p>Llegada a Marrakech, Recepci\u00f3n por nuestro personal en el aeropuerto y el riad trasaldo. Tarde libre para hacer y entrar en la fascinante cultura marroqu\u00ed conoce la plaza Jemaa el\u00a0Fna,\u00a0la Mezquita Koutoubia, o cualquiera de los barrios de la ciudad roja.<\/p>\n<h4>D\u00eda 2 : Marrakech Ouarzazate Ait Ben Haddou Valle Draa Zagora :<\/h4>\n<p>Despu\u00e9s del desayuno tomaremos camino hacia Ouarzazate a trav\u00e9s de las monta\u00f1as del Alto Atlas .llegar a Ait\u00a0Ben Haddou kasbah fortificado, declarado patrimonio de la humanidad y donde film\u00f3 varias pel\u00edculas como Gladiator, Lawrence de Arabia, Babel y m\u00e1s, continuaremos a visitar Kasbah Taourirt Ouarzazate y el museo del cine, continuamos nuestro viaje hacia el valle del Draa (uno de los m\u00e1s bellos del pa\u00eds) para llegar a nuestro destino, de la noche a la ma\u00f1ana en Riad de encanto en Zagora.<\/p>\n<h4>D\u00eda 3 : Zagora Jefe Dakar antiguas del desierto Ouzina\u00a0:<\/h4>\n<p>Comience el d\u00eda con un buen desayuno. Continuaremos nuestro tercer d\u00eda de viaje por el gran sur de Marruecos. Este viaje nos permitir\u00e1 descubrir el esplendor de la palma del r\u00edo Draa. Adem\u00e1s, este d\u00eda tiene un espectacular escenario, donde le llevaremos a caminar en una pista que se utiliza en cualquier edici\u00f3n de la prestigiosa Paris- Dakar\u00a0Rally .\u00a0cruzar\u00e1 la zona del desierto del Valle Draa, mesetas\u00a0Oumjran ,\u00a0pasan por pueblos ber\u00e9beres perdido en medio de la nada , ejecutando hamadas Ergs y el desierto negro. Por la tarde llegada a las dunas de Erg Ouzina subir para ver el atardecer desde la duna y despu\u00e9s ir a nuestro alojamiento que se encuentra en el desierto.<\/p>\n<h4>D\u00eda 4 : Desierto Pueblo Ouzina Khamelia Merzouga :<\/h4>\n<p>En la ma\u00f1ana, vamos a tomar el pueblo de Ouzina habitada s\u00f3lo por 14 familias n\u00f3madas que viven en casas de barro y adobe, parada para visitar el horno donde las mujeres se re\u00fanen a charlar mientras se prepara el pan y, a continuaci\u00f3n, visite la asociaci\u00f3n y Ouzinaend con una familia t\u00e9 t\u00edpico marroqu\u00ed muestra de cortes\u00eda .continuaremos nuestro viaje hacia el pueblo de Khamelia , pueblo nativo del pueblo de Mal\u00ed , debe detenerse porque disfrutamos de la percusi\u00f3n africana .vamos entonces a las dunas de Erg Chebbi, hacer el gran tour de Erg Chebbi , en la tarde vamos a estar en el hotel donde nos cambian el 4 \u00d7 4 de los mejores 4 \u00d7 4 : el desierto dormedarios a Viajar en ellos las ondulantes dunas de Merzougawhile somos testigos de la impresionante puesta de sol solos.llegar al campamento nos preparar\u00e1 para una agradable cena por tambores bereberes.Todo alrededor de ellos el gran incendio que nos acompa\u00f1ar\u00e1 a pasar la noche en la Haima y dormir bajo un manto de estrellas .<\/p>\n<h4>D\u00eda 5: Erg Chebi Rissani Arfoud Valle Valle de Las Rosas :<\/h4>\n<p>Toque levantarse temprano para disfrutar del amanecer en la cima de la gran duna y regres\u00f3 con los camellos a nuestro hotel para una ducha , desayuno y continuamos nuestra ruta hacia Rissani un paseo por la capital econ\u00f3mica del sur de Marruecos, visitando su aut\u00e9ntico zoco fullcolor, Luego continuaremos hacia las espectaculares gargantas de Todra valle formado paredes de roca hasta alcanzar m\u00e1s de 200 m de altura, un paseo por el lugar vali\u00f3 la pena , y luego continuar a Rose Valley, noche en encanto victoriano.<\/p>\n<h4>D\u00eda 6: Valle de Las Rosas Marrakech :<\/h4>\n<p>Ma\u00f1ana duro a Marrakech viendo el hermoso Valle de Rosas.Veremos algunos famosos como Kasbah Itrane kasbahss , Kasbah Ameridil antes de alcanzar el Alto Atlas para empazar nuestro regreso a Marrakech a trav\u00e9s del puerto de Tichka .llegar a nuestro alojamiento y decir adi\u00f3s a nuestro conductor pasajero<\/p>\n<h4>D\u00eda 7: Marrakech\u00a0:<\/h4>\n<p>Tambi\u00e9n puede visitar los sitios principales de Marrakech y su medina ..recorrer la ciudad antigua con sus estrechas calles al moderno\u00a0Gueliz .. free\u00a0calles tarde en la noche encantador Riad<\/p>\n<h4>D\u00eda 8: Marrakech Aeropuerto\u00a0:<\/h4>\n<p>Una vez traslado al aeropuerto por nuestro personal .Fin de nuestros servicios en esta ocasi\u00f3n<\/p>\n","protected":false},"excerpt":{"rendered":"<p>D\u00eda 1: Marrakech\u00a0: Llegada a Marrakech, Recepci\u00f3n por nuestro personal en el aeropuerto y el riad trasaldo. Tarde libre para hacer y entrar en la fascinante cultura marroqu\u00ed conoce la plaza Jemaa el\u00a0Fna,\u00a0la Mezquita Koutoubia, o cualquiera de los barrios de la ciudad roja. D\u00eda 2 : Marrakech Ouarzazate Ait Ben Haddou Valle Draa Zagora&#8230;<\/p>\n","protected":false},"author":1,"featured_media":0,"parent":0,"menu_order":0,"comment_status":"closed","ping_status":"closed","template":"","meta":{"_kad_post_transparent":"default","_kad_post_title":"default","_kad_post_layout":"default","_kad_post_sidebar_id":"","_kad_post_content_style":"default","_kad_post_vertical_padding":"default","_kad_post_feature":"","_kad_post_feature_position":"","_kad_post_header":false,"_kad_post_footer":false,"footnotes":""},"class_list":["post-75117","page","type-page","status-publish","hentry"],"_links":{"self":[{"href":"https:\/\/www.best-tours-morocco.com\/es\/wp-json\/wp\/v2\/pages\/75117\/"}],"collection":[{"href":"https:\/\/www.best-tours-morocco.com\/es\/wp-json\/wp\/v2\/pages\/"}],"about":[{"href":"https:\/\/www.best-tours-morocco.com\/es\/wp-json\/wp\/v2\/types\/page\/"}],"author":[{"embeddable":true,"href":"https:\/\/www.best-tours-morocco.com\/es\/wp-json\/wp\/v2\/users\/1\/"}],"replies":[{"embeddable":true,"href":"https:\/\/www.best-tours-morocco.com\/es\/wp-json\/wp\/v2\/comments\/?post=75117"}],"version-history":[{"count":1,"href":"https:\/\/www.best-tours-morocco.com\/es\/wp-json\/wp\/v2\/pages\/75117\/revisions\/"}],"predecessor-version":[{"id":75165,"href":"https:\/\/www.best-tours-morocco.com\/es\/wp-json\/wp\/v2\/pages\/75117\/revisions\/75165\/"}],"wp:attachment":[{"href":"https:\/\/www.best-tours-morocco.com\/es\/wp-json\/wp\/v2\/media\/?parent=75117"}],"curies":[{"name":"wp","href":"https:\/\/api.w.org\/{rel}","templated":true}]}}