{"id":75116,"date":"2022-02-27T15:20:08","date_gmt":"2022-02-27T15:20:08","guid":{"rendered":"https:\/\/www.best-tours-morocco.com\/wp\/8-days-casablanca-fes-merzouga-marrakech\/"},"modified":"2022-03-17T15:04:05","modified_gmt":"2022-03-17T15:04:05","slug":"8-dias-casablanca-fes-merzouga-marrakech","status":"publish","type":"page","link":"https:\/\/www.best-tours-morocco.com\/es\/8-dias-casablanca-fes-merzouga-marrakech\/","title":{"rendered":"8 D\u00edas Casablanca Fes Merzouga Marrakech"},"content":{"rendered":"<p>D\u00eda 1 Casablanca Rabat Moulay Idiss Zarhoun Meknes Fez :<\/p>\n<p>El camino hacia Fez, v\u00eda la capital Rabat, nos lleva a lo largo de una hermosa franja de tierras de labranza donde se cultivan aceitunas, cereales, hortalizas y uvas. Antes de llegar a Fez, visitar\u00e1 Meknes y Volubilis. Volubilis es el emplazamiento de las famosas ruinas romanas que quedaron en el puesto m\u00e1s meridional del Imperio Romano. Meknes es la sede de la primera dinast\u00eda \u00e1rabe, creada por Moulay Ismail, e incluye la Medersa Bou Inania y la Bab Mansour, la puerta de entrada al Palacio de Moulay Ismail. Esto nos lleva al Sehrij es-Souani, las caballerizas y los graneros. En la planta superior hay un jard\u00edn en la azotea y una cafeter\u00eda con una gran vista de la ciudad. Llegada a Fez, registro en el hotel.<\/p>\n<p>D\u00eda 2 Fes Visita a la Medina :<\/p>\n<p>Despu\u00e9s del desayuno, comenzar\u00e1 su visita a \u00abla Medina viva m\u00e1s antigua del mundo\u00bb con un gu\u00eda oficial local. Recorrer\u00e1 la Medina con sus \u00abzocos\u00bb (mercados), deteni\u00e9ndose en la puerta del Palacio Real, la mezquita Karouine del siglo IX y la universidad. Tambi\u00e9n visitar\u00e1 la tumba del fundador de la ciudad, Moulay Idriss II. El almuerzo se realizar\u00e1 en uno de los restaurantes tradicionales de la antigua Medina. Despu\u00e9s del almuerzo, continuar\u00e1 su recorrido para visitar la Fuente Najarine, el antiguo Jard\u00edn del Harem y el Museo Batha. De regreso al hotel, se detendr\u00e1 para disfrutar de una vista panor\u00e1mica de la ciudad.<\/p>\n<p>D\u00eda 3 Fes Azrou Midelt Valle de Ziz Erfoud Rissani Merzouga :<\/p>\n<p>Por la ma\u00f1ana nos adentraremos en las monta\u00f1as, en la regi\u00f3n conocida como Imouzzer, que est\u00e1 cubierta de bosques de cedro, enebro y alcornoque. La zona es conocida por su abundante fauna y flora, y es posible ver muchos tipos de p\u00e1jaros, jabal\u00edes y monos de Berber\u00eda en nuestro viaje panor\u00e1mico. A continuaci\u00f3n, la carretera empezar\u00e1 a ascender hacia las monta\u00f1as del Atlas Medio; las laderas pueden estar salpicadas de tiendas y reba\u00f1os de cabras de los bereberes n\u00f3madas que llaman hogar a esta accidentada regi\u00f3n. Tras un almuerzo tard\u00edo en Midelt, continuaremos por carreteras de monta\u00f1a con vistas al caudaloso Oued Ziz. Pasando por kasbahs y palmerales, continuamos por la ciudad de Er-Rachidia, de color adobe, y a \u00faltima hora de la tarde llegamos a Merzouga, una peque\u00f1a ciudad en las afueras del desierto del S\u00e1hara. Pasaremos la noche en Merzouga.<\/p>\n<p>D\u00eda 4 Excursi\u00f3n en camello por Erg Chebbi :<\/p>\n<p>Despu\u00e9s de desayunar en el hotel, haremos un recorrido por Erg Chebbi, visitaremos una casa y escucharemos m\u00fasica gnaoua, originaria de Ghana y Sud\u00e1n. Visitaremos algunas minas desiertas, n\u00f3madas bereberes y un oasis de palmeras. Hacia la hora de comer, regresaremos a Merzouga. Tras el almuerzo y un tiempo de relax, encontraremos a los camellos que nos esperan para llevarnos de aventura a las dunas. Pasaremos la noche en un campamento equipado con m\u00fasica de tambores en medio del S\u00e1hara; esta es una gran oportunidad para tomar hermosas fotos de la puesta y la salida del sol. Cuando hayamos llegado al campamento, subiremos a una alta duna para ver la puesta de sol. Pasaremos la noche en un hotel con miles de estrellas, en una tienda bereber, pero con un cielo resplandeciente (lleno de estrellas).<\/p>\n<p>D\u00eda 5 Merzouga Gargantas del Todra Valle del Dades :<\/p>\n<p>Despu\u00e9s de ver el amanecer, volvemos en camellos a Merzouga. Despu\u00e9s de desayunar y ducharnos en el hotel, comenzaremos nuestro viaje hacia el valle del Dades. Cruzando el Rissani, Erfoud, una famosa ciudad, conocida por sus d\u00e1tiles. A continuaci\u00f3n, nos dirigiremos a Tinejdad, a las impresionantes gargantas del Todra y al valle del Dades, con sus rocas escarpadas de colores por todas partes.<\/p>\n<p>D\u00eda 6 Valle del Dades Ouarzazate Kasbah Ait Benhaddou Monta\u00f1a del Atlas Marrakech :<\/p>\n<p>Saliendo del Valle del Dades despu\u00e9s del desayuno, conduciremos hacia Ouarzazate, el Hollywood marroqu\u00ed, tel\u00f3n de fondo de muchas pel\u00edculas famosas, visitaremos el Museo Cinematogr\u00e1fico, y luego el sitio protegido por la UNESCO de Ait Benhaddou, la m\u00e1s impresionante Kasbah y fortaleza bien conservada en Marruecos. Aqu\u00ed se rodaron muchas pel\u00edculas, como Gladiator. A continuaci\u00f3n, dejaremos Ait Benhaddou y comenzaremos a dirigirnos hacia el majestuoso Monte Atlas. Atravesaremos el Alto Atlas por el puerto de carretera m\u00e1s alto de Marruecos, Tizi n&#8217;Tichka, de 2260 metros de altura, que ofrece unas vistas impresionantes de los valles, las monta\u00f1as y muchos pueblos bereberes cercanos. Llegaremos a Marrakech por la tarde.<\/p>\n<p>D\u00eda 7 Visita a Marrakech :<\/p>\n<p>Visita de un d\u00eda a Marrakech, visitando la Menara, un estanque rodeado de parterres que funciona como sistema de riego para los campos de los alrededores. El recorrido tur\u00edstico abarcar\u00e1 varios lugares impresionantes: La mezquita de la Koutoubia, los jardines Majorelle, el palacio de la Bah\u00eda y el museo de joyas del palacio Dar Si Said. Habr\u00e1 un almuerzo opcional en la Medina, seguido de un paseo por los coloridos zocos de Marrakech. Disfrutaremos de una copa al atardecer con vistas a la emocionante plaza Jemaa El Fna desde la terraza de un caf\u00e9. Cena y alojamiento en un hotel.<\/p>\n<p>D\u00eda 8 Marrakech Casablanca Traslado al aeropuerto :<\/p>\n<p>Saldremos de Marrakech por la ma\u00f1ana, pasando por las ciudades imperiales marroqu\u00edes&#8230;<\/p>\n","protected":false},"excerpt":{"rendered":"<p>D\u00eda 1 Casablanca Rabat Moulay Idiss Zarhoun Meknes Fez : El camino hacia Fez, v\u00eda la capital Rabat, nos lleva a lo largo de una hermosa franja de tierras de labranza donde se cultivan aceitunas, cereales, hortalizas y uvas. Antes de llegar a Fez, visitar\u00e1 Meknes y Volubilis. Volubilis es el emplazamiento de las famosas&#8230;<\/p>\n","protected":false},"author":1,"featured_media":0,"parent":0,"menu_order":0,"comment_status":"closed","ping_status":"closed","template":"","meta":{"_kad_post_transparent":"default","_kad_post_title":"default","_kad_post_layout":"default","_kad_post_sidebar_id":"","_kad_post_content_style":"default","_kad_post_vertical_padding":"default","_kad_post_feature":"","_kad_post_feature_position":"","_kad_post_header":false,"_kad_post_footer":false,"footnotes":""},"class_list":["post-75116","page","type-page","status-publish","hentry"],"_links":{"self":[{"href":"https:\/\/www.best-tours-morocco.com\/es\/wp-json\/wp\/v2\/pages\/75116\/"}],"collection":[{"href":"https:\/\/www.best-tours-morocco.com\/es\/wp-json\/wp\/v2\/pages\/"}],"about":[{"href":"https:\/\/www.best-tours-morocco.com\/es\/wp-json\/wp\/v2\/types\/page\/"}],"author":[{"embeddable":true,"href":"https:\/\/www.best-tours-morocco.com\/es\/wp-json\/wp\/v2\/users\/1\/"}],"replies":[{"embeddable":true,"href":"https:\/\/www.best-tours-morocco.com\/es\/wp-json\/wp\/v2\/comments\/?post=75116"}],"version-history":[{"count":1,"href":"https:\/\/www.best-tours-morocco.com\/es\/wp-json\/wp\/v2\/pages\/75116\/revisions\/"}],"predecessor-version":[{"id":75164,"href":"https:\/\/www.best-tours-morocco.com\/es\/wp-json\/wp\/v2\/pages\/75116\/revisions\/75164\/"}],"wp:attachment":[{"href":"https:\/\/www.best-tours-morocco.com\/es\/wp-json\/wp\/v2\/media\/?parent=75116"}],"curies":[{"name":"wp","href":"https:\/\/api.w.org\/{rel}","templated":true}]}}