{"id":75115,"date":"2022-02-27T15:21:17","date_gmt":"2022-02-27T15:21:17","guid":{"rendered":"https:\/\/www.best-tours-morocco.com\/wp\/7-days-tanger-fes-merzouga-ouarzazate-marrakech\/"},"modified":"2022-03-17T15:03:11","modified_gmt":"2022-03-17T15:03:11","slug":"7-dias-tanger-fez-merzouga-ouarzazate-marrakech","status":"publish","type":"page","link":"https:\/\/www.best-tours-morocco.com\/es\/7-dias-tanger-fez-merzouga-ouarzazate-marrakech\/","title":{"rendered":"7 d\u00edas Tanger Fez Merzouga Ouarzazate Marrakech"},"content":{"rendered":"<h4>D\u00eda 1: T\u00e1nger Chefchaouen Fez :<\/h4>\n<p>T\u00e1nger reunirse y saludar a nuestro conductor\/pasajero en lugar acordado .salimos a Chefchaouen.En nuestra visita al norte de La Perla , pasar la ma\u00f1ana para perderse en las fascinantes calles de la medina azul en este acogedor lugar .visitar sus tiendas kasbahy artesanales que dif\u00edcilmente pueden encontrarse en otras partes de Marruecos .<\/p>\n<p>Despu\u00e9s del almuerzo continuaremos un interesante recorrido por las monta\u00f1as del Rif para llevarnos a la bulliciosa ciudad de Fez.Noche y alojamiento en riad seleccionado .<\/p>\n<h4>D\u00eda 2: Fez :<\/h4>\n<p>Despu\u00e9s del desayuno , visite el Zoco de curtidores , y podemos ser part\u00edcipes del proceso de ra\u00edces medievales artesanales para lograr estas coloridas cuero .<\/p>\n<p>En la tarde, tomar un tour para ver la ciudad, caminar y conocer sus diferentes barrios , el nuevo distrito o el Jdid Fez , donde encontramos el mellah (barrio jud\u00edo ) , la ville Nouvelle , zona francesa en el noroeste de la ciudad andcourse, Fez el-Bali , la ciudad antigua dentro de las murallas , donde puede pasear por las calles y ver c\u00f3mo el pasado transporta mundos , en la que los alfareros, herreros, artesanos y burros cargados de mercanc\u00edas procedentes de diversas fuentes , vivo withtourists transitando sus calles laber\u00ednticas, .Alojamiento en Riad.<\/p>\n<h4>D\u00eda 3: Fes Erfoud Merzouga Azrou :<\/h4>\n<p>Primero un buen desayuno para comenzar el d\u00eda muy tempreno conducir hacia Erfoud cruzando ciudades como Azrou .Despu\u00e9s de una breve parada en los bosques de cedros del Atlas donde habitualmente se pueden ver colonias de monos silvestres , seguimos Midelt atravesando el Alto Atlas .De camino a comer .Continuamos hacia Erfoud , tomar las v\u00edas para alcanzar el Gran Erg Chebbi donde podemos cambiar los otros 4 \u00d7 4 , dromedarios , que nos llevan al campamento bereber.a lo largo del camino nos dejar\u00e1 fascinado con la maravillosa puesta de sol de colores ofrecidos por el horizonte, dando paso a la noche, donde podremos disfrutar admirando las muchas estrellas que aparecen en la oscuridad de la noche en el desierto .Cena Y por la noche en la Haima , una experiencia \u00fanica para ser vivida .<\/p>\n<h4>D\u00eda 4 : Merzouga Tinghir gargantas Todra Valle Dades :<\/h4>\n<p>Vamos a levantar de nuevo los camellos para ir al hotel para desayunar y tomar una buena ducha.<\/p>\n<p>Comenzamos direcci\u00f3n Tinerhir, una bella panor\u00e1mica de contrastes entre sus casas rosas y verdes palmeras, punto de partida ideal para llegar a las famosas Gargantas de Todra , donde haremos una parada para disfrutar del paisaje formado por paredes verticales de hasta 200 metros de partida.Almuerzo en el Todra .Por la tarde, siga el valle del Dades a trav\u00e9s Boumalne .Visita al Dades Gorge .Cena y alojamiento en el hotel.<\/p>\n<h4>D\u00eda 5: Valle Dades Ait Ben Haddou Marrakech Ouarzazate :<\/h4>\n<p>Empezamos por un pintoresco camino de monta\u00f1a atravesando el Alto Atlas sensacionales vistas en nuestro viaje a Marrakech.En el camino haremos casi visita obligatoria a la Kasbah de Ait Ben Haddou , distinguido por su encanto y belleza , un lugar que fue el escenario de muchas pel\u00edculas de Hollywood como Gladiator , La momia , Sahara , etc.alimentos en la aldea.y luego continuar en la cima del Atlas , cruzando el puerto de Tichka 2260 m .<\/p>\n<p>Llegar a Marrakech por la tarde, alojamiento en el Riad y nos despedimos de nuestro conductor \/ pasajero .El resto de la tarde para explorar la ciudad de rojo y disfrutar de la noche m\u00e1gica en la plaza Jemaa el Fna.<\/p>\n<h4>D\u00eda 6: Marrakech :<\/h4>\n<p>Desayuno en el Riad y d\u00eda libre para visitar la ciudad.Usted descubrir\u00e1 una ciudad llena de magia y muy peculiar.Con una gran variedad de lugares de inter\u00e9s : jardines de Menara, Tumbas Saadianas , palacio Bahia , Mezquita Koutoubia y sus jardines.Buceando por los callejones del zoco, donde tendr\u00e1n la oportunidad de ver en acci\u00f3n a diferentes artesanos que trabajan el cuero, tejido de alfombras , sastrer\u00eda zapatillas , etc \u2026 y lamedina donde encontrar\u00e1 la famosa plaza Jemaa El Fna d\u00eda donde el ambiente es totalmente diferente de thenight .que pondr\u00e1n en pr\u00e1ctica el arte de la negociaci\u00f3n o descubrir los lugares m\u00e1s rec\u00f3nditos de lamedina .Alojamiento en Riad.<\/p>\n<h4>D\u00eda 7: Marrakech Aeropuerto :<\/h4>\n<p>Desayuno. Tiempo libre para tomar t\u00e9 o terminar de compras de \u00faltima hora hasta el momento designado.<\/p>\n<p>Reuni\u00f3n en el riad traslado desde el aeropuerto a la hora convenida para tomar el vuelo de vuelta.<\/p>\n","protected":false},"excerpt":{"rendered":"<p>D\u00eda 1: T\u00e1nger Chefchaouen Fez : T\u00e1nger reunirse y saludar a nuestro conductor\/pasajero en lugar acordado .salimos a Chefchaouen.En nuestra visita al norte de La Perla , pasar la ma\u00f1ana para perderse en las fascinantes calles de la medina azul en este acogedor lugar .visitar sus tiendas kasbahy artesanales que dif\u00edcilmente pueden encontrarse en otras&#8230;<\/p>\n","protected":false},"author":1,"featured_media":0,"parent":0,"menu_order":0,"comment_status":"closed","ping_status":"closed","template":"","meta":{"_kad_post_transparent":"default","_kad_post_title":"default","_kad_post_layout":"default","_kad_post_sidebar_id":"","_kad_post_content_style":"default","_kad_post_vertical_padding":"default","_kad_post_feature":"","_kad_post_feature_position":"","_kad_post_header":false,"_kad_post_footer":false,"footnotes":""},"class_list":["post-75115","page","type-page","status-publish","hentry"],"_links":{"self":[{"href":"https:\/\/www.best-tours-morocco.com\/es\/wp-json\/wp\/v2\/pages\/75115\/"}],"collection":[{"href":"https:\/\/www.best-tours-morocco.com\/es\/wp-json\/wp\/v2\/pages\/"}],"about":[{"href":"https:\/\/www.best-tours-morocco.com\/es\/wp-json\/wp\/v2\/types\/page\/"}],"author":[{"embeddable":true,"href":"https:\/\/www.best-tours-morocco.com\/es\/wp-json\/wp\/v2\/users\/1\/"}],"replies":[{"embeddable":true,"href":"https:\/\/www.best-tours-morocco.com\/es\/wp-json\/wp\/v2\/comments\/?post=75115"}],"version-history":[{"count":1,"href":"https:\/\/www.best-tours-morocco.com\/es\/wp-json\/wp\/v2\/pages\/75115\/revisions\/"}],"predecessor-version":[{"id":75163,"href":"https:\/\/www.best-tours-morocco.com\/es\/wp-json\/wp\/v2\/pages\/75115\/revisions\/75163\/"}],"wp:attachment":[{"href":"https:\/\/www.best-tours-morocco.com\/es\/wp-json\/wp\/v2\/media\/?parent=75115"}],"curies":[{"name":"wp","href":"https:\/\/api.w.org\/{rel}","templated":true}]}}