{"id":75114,"date":"2022-02-27T15:18:04","date_gmt":"2022-02-27T15:18:04","guid":{"rendered":"https:\/\/www.best-tours-morocco.com\/wp\/7-days-from-marrakech-to-desert-merzouga\/"},"modified":"2022-03-17T15:02:42","modified_gmt":"2022-03-17T15:02:42","slug":"7-dias-de-marrakech-al-desierto-merzouga","status":"publish","type":"page","link":"https:\/\/www.best-tours-morocco.com\/es\/7-dias-de-marrakech-al-desierto-merzouga\/","title":{"rendered":"7 D\u00edas de Marrakech al desierto Merzouga"},"content":{"rendered":"<h4>D\u00eda 1: Llegada a Marrakech :<\/h4>\n<p>Llegada a Marrakech.d\u00eda libre para tomar contacto con el lugar: una de las cuatro ciudades imperiales de Marruecos. Famoso por haber numerosos monumentos reconocidos como patrimonio mundial, y su famosa plaza Jemaa el Fna.Usted podr\u00e1 visitar sus diferentes y caracter\u00edsticos barrios, la ciudad moderna: Gu\u00e9liz Hivernage Palmeraie, Mellah (Juder\u00eda) \u2026 o arrastrado por las callejuelas de la Medina, de Jmaa el Fna, escenario de numerosas actividades al aire libre: malabaristas, m\u00fasicos, faquires, encantadores de serpientes, malabaristas \u2026 para despertar todos sus sentidos con sus m\u00faltiples sonidos, aromas, sabores y colores que lo caracterizan. Alojamiento en Riad.<\/p>\n<h4>D\u00eda 2:Marrakeh Dades gargantas :<\/h4>\n<p>Despu\u00e9s del desayuno nos dirigimos a Marrakech Dades gargantas.En el camino cruzaremos el Alto Atlas, atravesando el Tizi n\u2019Tichka, roscado nuestro camino entre muchos pueblos de n\u00f3madas Bereberes que habitan en la zona.Un paisaje espectacular que nos llevar\u00e1 a la Kasbah de Ait Benhaddou, famosa por ser el escenario de m\u00e1s de dos docenas de pel\u00edculas, incluyendo \u201cBabel\u201d.Continuar hacia Ouarzazate por el Valle de Las Rosas, cruzar para llegar a las gargantas de Dades, donde comienza la \u201cruta de las Mil Kasbahs\u201d.Dades Valle Alojamiento y cena en el hotel.<\/p>\n<h4>D\u00eda 3:Dades Gorge de Todra Merzouga :<\/h4>\n<p>Desayuno en el hotel.Nos dirigimos a las Gargantas de Todra, donde usted puede tomar un paseo a trav\u00e9s de sus imponentes paredes del ca\u00f1\u00f3n de m\u00e1s de 200 metros de alto, para salir al desierto, a trav\u00e9s de la palma de Tafilalet.Llegada al hotel a pie de dunas, donde usted puede caminar por la fina arena del Erg Chebbi, relajarse y disfrutar del impresionante paisaje.Por la noche, saboree un delicioso plato marroqu\u00ed.noche en habitaci\u00f3n de hotel.<\/p>\n<h4>D\u00eda 4: Merzouga Erg Chebbi Merzouga:<\/h4>\n<p>Despu\u00e9s de un abundante desayuno marroqu\u00ed, vamos a ir hasta 4\u00d74 para iniciar nuestro recorrido por las dunas de Erg Chebbi, poblada regi\u00f3n des\u00e9rtica de arena: Entre las muchas paradas que se avecinan, descubriremos c\u00f3mo y d\u00f3nde las familias n\u00f3madas que viven en el \u00e1rea, wild oasis en medio de la nada, espectaculares paisajes des\u00e9rticos y peque\u00f1os pueblos, palm \u2026inevitable dejar como nos pasa a trav\u00e9s de la aldea de\u00a0Khamelia de personas originarias de Mali, podremos disfrutar de un bonito concierto de m\u00fasica gnawa, mientras un delicioso t\u00e9 sabor.Volver al hotel que esperamos de nuestros camellos para una hora y media de recorrido, enhebrado de nuestro camino entre las dunas y en el coraz\u00f3n del desierto para ver el Hermosa puesta de sol. Envuelto por la gran duna, y disfruta de la m\u00fasica de tambores, cena y t\u00e9 marroqu\u00ed, se puede contemplar el inmenso cielo de estrellas y dormir en tiendas n\u00f3madas.<\/p>\n<h4>D\u00eda 5: Merzouga Rissani Ziz Valle Medio Atlas Fez :<\/h4>\n<p>Nos levantamos temprano en la ma\u00f1ana, para ver otro gran espect\u00e1culo en las dunas del Sahara Marroqu\u00ed: el espectacular amanecer.<\/p>\n<p>Otra vez har\u00e9is subir en sus camellos para otra ruta de regreso al hotel.Desayuno y ducha, y procedimos a Rissani. Cuando caminamos por es conocido como el m\u00e1s aut\u00e9ntico y tradicional de los zocos de Marruecos, y el m\u00e1s grande en el sur, donde se comercia con todo tipo de artesan\u00edas, alimentos y animales.seguimos a trav\u00e9s de Erfoud, la antigua puerta de entrada al desierto, famoso por la obra offossils, cruzando el valle de Ziz impresionante, con m\u00e1s de 18.000 palmeras, alcanzando Midelt.Parada para almorzar y seguir el camino hacia arriba a trav\u00e9s de Ifran Fez (tambi\u00e9n conocida como la Suiza<\/p>\n<p>La est\u00e9tica de sus edificios marroqu\u00edes)llegando\u00a0en Fez, y traslado al hotel.<\/p>\n<h4>D\u00eda 6: FEZ Fez :<\/h4>\n<p>D\u00eda libre para explorar la ciudad de Fez otra de las cuatro ciudades imperiales. En Marruecos es considerada como el centro religioso y cultural del pa\u00eds. Su universidad, famosa por el estudio del \u00e1rabe y el Islam, es un punto de cruce de muchos estudiantes marroqu\u00edes.Usted tendr\u00e1 tiempo para pasear y conocer sus diferentes barrios, la nueva \u00e1rea o Fez el-Jdid, donde encontrar\u00e1 el mellah (barrio jud\u00edo), la Ville Nouvelle (Villa Nueva) Franc\u00e9s en la zona noroeste de la ciudad y, por supuesto, el FEZ \u2013 Bali, el viejo, dentro de las paredes.Usted puede pasear por las calles y se sienta transportado a mundos pasados en los que los alfareros, herreros, artesanos y burros cargados de mercanc\u00edas procedentes de diversos or\u00edgenes conviven con los turistas que transitan sus laber\u00ednticos callejones.<\/p>\n<p>Tambi\u00e9n famoso por los curtidores\u2019 souk, usted ser\u00e1 capaz de participar de ra\u00edces medievales proceso artesanal que les llevar\u00e1 a los colores brillantes de cuero.<\/p>\n<p>Alojamiento en Riad.<\/p>\n<h4>D\u00eda 7: aeropuerto de Fez :<\/h4>\n<p>Traslado al aeropuerto para su vuelo de salida (debe ser el \u00faltimo d\u00eda de su viaje).<\/p>\n","protected":false},"excerpt":{"rendered":"<p>D\u00eda 1: Llegada a Marrakech : Llegada a Marrakech.d\u00eda libre para tomar contacto con el lugar: una de las cuatro ciudades imperiales de Marruecos. Famoso por haber numerosos monumentos reconocidos como patrimonio mundial, y su famosa plaza Jemaa el Fna.Usted podr\u00e1 visitar sus diferentes y caracter\u00edsticos barrios, la ciudad moderna: Gu\u00e9liz Hivernage Palmeraie, Mellah (Juder\u00eda)&#8230;<\/p>\n","protected":false},"author":1,"featured_media":0,"parent":0,"menu_order":0,"comment_status":"closed","ping_status":"closed","template":"","meta":{"_kad_post_transparent":"default","_kad_post_title":"default","_kad_post_layout":"default","_kad_post_sidebar_id":"","_kad_post_content_style":"default","_kad_post_vertical_padding":"default","_kad_post_feature":"","_kad_post_feature_position":"","_kad_post_header":false,"_kad_post_footer":false,"footnotes":""},"class_list":["post-75114","page","type-page","status-publish","hentry"],"_links":{"self":[{"href":"https:\/\/www.best-tours-morocco.com\/es\/wp-json\/wp\/v2\/pages\/75114\/"}],"collection":[{"href":"https:\/\/www.best-tours-morocco.com\/es\/wp-json\/wp\/v2\/pages\/"}],"about":[{"href":"https:\/\/www.best-tours-morocco.com\/es\/wp-json\/wp\/v2\/types\/page\/"}],"author":[{"embeddable":true,"href":"https:\/\/www.best-tours-morocco.com\/es\/wp-json\/wp\/v2\/users\/1\/"}],"replies":[{"embeddable":true,"href":"https:\/\/www.best-tours-morocco.com\/es\/wp-json\/wp\/v2\/comments\/?post=75114"}],"version-history":[{"count":1,"href":"https:\/\/www.best-tours-morocco.com\/es\/wp-json\/wp\/v2\/pages\/75114\/revisions\/"}],"predecessor-version":[{"id":75162,"href":"https:\/\/www.best-tours-morocco.com\/es\/wp-json\/wp\/v2\/pages\/75114\/revisions\/75162\/"}],"wp:attachment":[{"href":"https:\/\/www.best-tours-morocco.com\/es\/wp-json\/wp\/v2\/media\/?parent=75114"}],"curies":[{"name":"wp","href":"https:\/\/api.w.org\/{rel}","templated":true}]}}