{"id":75113,"date":"2022-02-27T15:17:44","date_gmt":"2022-02-27T15:17:44","guid":{"rendered":"https:\/\/www.best-tours-morocco.com\/wp\/5-days-from-marrakech-dades-gorges-merzouga\/"},"modified":"2022-03-17T15:02:10","modified_gmt":"2022-03-17T15:02:10","slug":"5-dias-marrakech-dades-gargantas-merzouga","status":"publish","type":"page","link":"https:\/\/www.best-tours-morocco.com\/es\/5-dias-marrakech-dades-gargantas-merzouga\/","title":{"rendered":"5 D\u00edas Marrakech Dades gargantas Merzouga"},"content":{"rendered":"<h4>D\u00eda 1 : Marrakech Dades gargantas :<\/h4>\n<p>Dejamos Marrakech para comenzar nuestra excursi\u00f3n a dades gargantas. Pasamos a trav\u00e9s de Tizi-n-Tishka en las altas monta\u00f1as Atlas y cortas paradas para tomar algunas fotos. Visitaremos la aldea de Ait Ben Haddou que es reconocido por la UNESCO como patrimonio mundial. Es tambi\u00e9n el mejor lugar para los famosos directores de cine.y luego continuar nuestro d\u00eda disfrutando de los bellos paisajes naturales del Valle de Las Rosas, que es conocido por el Festival de las rosas. Despu\u00e9s llegamos a dades gargantas nos alojamos aqu\u00ed para pasar en hotel local.<\/p>\n<h4>D\u00eda 2: Dades gargantas Merzouga :<\/h4>\n<p>Hoy llegamos a Merzouga que es conocido por las m\u00e1s altas dunas de arena en el norte de \u00c1frica. Se llama Erg Chebbi desierto del Sahara .en nuestro camino, tendremos la oportunidad de ver muchos oasis. Despu\u00e9s de Rissani continuaremos nuestro camino disfrutando los verdes oasis de palmeras de Ziz -Tafilalet y el negro Hamada antes de llegar a Merzouga y saludar a los camellos que est\u00e1n esperando para llevarnos en una aventura en las dunas de arena. Pasaremos la noche en un campamento equipado en medio del Sahara! Esta es una gran\u00a0oportunidad para tomar fotos hermosas de el atardecer y el amanecer. En este momento, vamos a descubrir los secretos del Sahara y sus horizontes ilimitados.<\/p>\n<h4>D\u00eda 3 : Merzouga :<\/h4>\n<p>Hoy pasamos el d\u00eda explorando Merzouga desierto. Usted tendr\u00e1 la oportunidad de probar sandboard ,\u00a0tambi\u00e9n se puede esquiar en las dunas , y nosotros tambi\u00e9n explorar la zona por 4\u00d74. Visitaremos la aldea de Khamlia \u2013 famoso por su m\u00fasica. No podemos perder la oportunidad perfecta para ver el atardecer en las dunas. Pasamos la noche en tiendas bereberes con la m\u00fasica local y sabrosa cena.<\/p>\n<h4>D\u00eda 4 : Merzouga Zagora :<\/h4>\n<p>Despu\u00e9s de un desayuno temprano en las dunas, montamos los camellos de vuelta al hotel para tomar una ducha, y luego empezaremos nuestro viaje al valle del Draa. Pasaremos aunque oasis de Rissani y oasis de pueblos bereberes Nkoub, y nos hospedamos en el hotel local overning en Zagora.<\/p>\n<h4>D\u00eda 5 : Marrakech Zagoura :<\/h4>\n<p>Hoy nos dirigiremos a Marrakech, explorando valle Draa, Agdz, Ouarzazate y Kasbahs en el camino. Por \u00faltimo, obtenemos nuestro viaje a Marrakech y ahora termine.<\/p>\n","protected":false},"excerpt":{"rendered":"<p>D\u00eda 1 : Marrakech Dades gargantas : Dejamos Marrakech para comenzar nuestra excursi\u00f3n a dades gargantas. Pasamos a trav\u00e9s de Tizi-n-Tishka en las altas monta\u00f1as Atlas y cortas paradas para tomar algunas fotos. Visitaremos la aldea de Ait Ben Haddou que es reconocido por la UNESCO como patrimonio mundial. Es tambi\u00e9n el mejor lugar para&#8230;<\/p>\n","protected":false},"author":1,"featured_media":0,"parent":0,"menu_order":0,"comment_status":"closed","ping_status":"closed","template":"","meta":{"_kad_post_transparent":"default","_kad_post_title":"default","_kad_post_layout":"default","_kad_post_sidebar_id":"","_kad_post_content_style":"default","_kad_post_vertical_padding":"default","_kad_post_feature":"","_kad_post_feature_position":"","_kad_post_header":false,"_kad_post_footer":false,"footnotes":""},"class_list":["post-75113","page","type-page","status-publish","hentry"],"_links":{"self":[{"href":"https:\/\/www.best-tours-morocco.com\/es\/wp-json\/wp\/v2\/pages\/75113\/"}],"collection":[{"href":"https:\/\/www.best-tours-morocco.com\/es\/wp-json\/wp\/v2\/pages\/"}],"about":[{"href":"https:\/\/www.best-tours-morocco.com\/es\/wp-json\/wp\/v2\/types\/page\/"}],"author":[{"embeddable":true,"href":"https:\/\/www.best-tours-morocco.com\/es\/wp-json\/wp\/v2\/users\/1\/"}],"replies":[{"embeddable":true,"href":"https:\/\/www.best-tours-morocco.com\/es\/wp-json\/wp\/v2\/comments\/?post=75113"}],"version-history":[{"count":1,"href":"https:\/\/www.best-tours-morocco.com\/es\/wp-json\/wp\/v2\/pages\/75113\/revisions\/"}],"predecessor-version":[{"id":75161,"href":"https:\/\/www.best-tours-morocco.com\/es\/wp-json\/wp\/v2\/pages\/75113\/revisions\/75161\/"}],"wp:attachment":[{"href":"https:\/\/www.best-tours-morocco.com\/es\/wp-json\/wp\/v2\/media\/?parent=75113"}],"curies":[{"name":"wp","href":"https:\/\/api.w.org\/{rel}","templated":true}]}}