{"id":75111,"date":"2022-02-27T15:17:24","date_gmt":"2022-02-27T15:17:24","guid":{"rendered":"https:\/\/www.best-tours-morocco.com\/wp\/4-days-from-marrakech-to-desert-merzouga\/"},"modified":"2022-03-17T15:01:00","modified_gmt":"2022-03-17T15:01:00","slug":"4-dias-marrakech-al-desierto-merzouga","status":"publish","type":"page","link":"https:\/\/www.best-tours-morocco.com\/es\/4-dias-marrakech-al-desierto-merzouga\/","title":{"rendered":"4 D\u00edas Marrakech al desierto Merzouga"},"content":{"rendered":"<h4>D\u00eda 1: Marrakech Ait Ben Haddou Valle de Las Rosas Dades Gorge :<\/h4>\n<p>Tras recogerle en su hotel o\u00a0\u00a0aeropuerto riad ( o ) salida hacia Ouarzazate.En el camino cruzaremos el Atlas por el Tizi n\u2019Tichka incre\u00edble , de 2.260 metros de altura.<\/p>\n<p>Poco despu\u00e9s de cruzar el Atlas llegar a la Kasbah de Ait Ben\u00a0Haddou ,\u00a0una impresionante fortaleza de la ciudad donde se han filmado pel\u00edculas como Gladiator y El Reino de los Cielos .<\/p>\n<p>Despu\u00e9s de la visita tomaremos la carretera de las Mil Kasbahs a Skoura donde haremos una parada en la Kasbah Amredhyle .Desde aqu\u00ed vamos de Kalaat M\u2019gouna , capital del Valle de Las Rosas, hasta llegar finalmente a la dades Gorge , donde nos quedamos .<\/p>\n<h4>D\u00eda 2: Dades Gorge gargantas Todra Merzouga :<\/h4>\n<p>Despu\u00e9s del desayuno, reanudar la marcha hacia el valle del Dades y cruzar las impresionantes gargantas de Todra\u00a0,\u00a0donde nos quedaremos hasta el mediod\u00eda .<\/p>\n<p>Con renovada energ\u00eda, tomamos la carretera a Merzouga y cruce la palma de Jorf (donde se dice que las mejores fechas\u00a0ir )\u00a0y Erfoud, un hermoso pueblo donde se puede visitar un taller de m\u00e1rmol .<\/p>\n<p>Una vez en Merzouga y despu\u00e9s de reponernos de la llamativa imagen de\u00a0dunas ,\u00a0dejar\u00e1 el 4X4 para entrar en el desierto en un camello en busca del campamento donde pasaremos la noche .En este campamento podremos disfrutar de una de las cenas m\u00e1s aut\u00e9ntico de todo Marruecos.<\/p>\n<h4>D\u00eda 3 : Merzouga RISSANI Alnif Agdez Tazarine Dra\u00e2 valle Ouarzazate :<\/h4>\n<p>Si hay algo que nadie puede perderse para disfrutar de un amanecer en el\u00a0desierto ,\u00a0as\u00ed que a comienzos de este d\u00eda.Despu\u00e9s de contemplar esta vez tome los camellos para acercarse a un hotel donde podemos ducha y desayuno.<\/p>\n<p>Volver a Ouarzazate tomaremos una ruta diferente .pasando la palma de Tafilalet y la ciudad de Rissani\u00a0( origen\u00a0de la antigua capital de la dinast\u00eda alau\u00ed de los sultanes alau\u00ed ) ALNIF alcanzar , donde tomamos la carretera a trav\u00e9s de las monta\u00f1as Anti Atlas .<\/p>\n<p>Sorprendido por las formas y colores de estas monta\u00f1as llegar a Tazarine\u00a0( importante\u00a0pueblo Bereber ) , N\u2019kob y finalmente el valle del Draa y su impresionante Palmeral.<\/p>\n<p>En la tarde cruzamos el Anti Atlas por Tizi n Tnifift\u00a0( 1660\u00a0metros) hacia Ouarzazate, donde pasaremos la noche en un riad \/ kasbah .<\/p>\n<h4>D\u00eda 4 : Ouarzazate Marrakech :<\/h4>\n<p>Despu\u00e9s del desayuno tendremos tiempo para visitar la famosa Kasbah Taourirt y el m\u00e1s importante Atlas Film\u00a0Studios ,\u00a0\u00c1frica.volveremos a Marrakech en torno a 5 pm.Fin de nuestros servicios.<\/p>\n","protected":false},"excerpt":{"rendered":"<p>D\u00eda 1: Marrakech Ait Ben Haddou Valle de Las Rosas Dades Gorge : Tras recogerle en su hotel o\u00a0\u00a0aeropuerto riad ( o ) salida hacia Ouarzazate.En el camino cruzaremos el Atlas por el Tizi n\u2019Tichka incre\u00edble , de 2.260 metros de altura. Poco despu\u00e9s de cruzar el Atlas llegar a la Kasbah de Ait Ben\u00a0Haddou&#8230;<\/p>\n","protected":false},"author":1,"featured_media":0,"parent":0,"menu_order":0,"comment_status":"closed","ping_status":"closed","template":"","meta":{"_kad_post_transparent":"default","_kad_post_title":"default","_kad_post_layout":"default","_kad_post_sidebar_id":"","_kad_post_content_style":"default","_kad_post_vertical_padding":"default","_kad_post_feature":"","_kad_post_feature_position":"","_kad_post_header":false,"_kad_post_footer":false,"footnotes":""},"class_list":["post-75111","page","type-page","status-publish","hentry"],"_links":{"self":[{"href":"https:\/\/www.best-tours-morocco.com\/es\/wp-json\/wp\/v2\/pages\/75111\/"}],"collection":[{"href":"https:\/\/www.best-tours-morocco.com\/es\/wp-json\/wp\/v2\/pages\/"}],"about":[{"href":"https:\/\/www.best-tours-morocco.com\/es\/wp-json\/wp\/v2\/types\/page\/"}],"author":[{"embeddable":true,"href":"https:\/\/www.best-tours-morocco.com\/es\/wp-json\/wp\/v2\/users\/1\/"}],"replies":[{"embeddable":true,"href":"https:\/\/www.best-tours-morocco.com\/es\/wp-json\/wp\/v2\/comments\/?post=75111"}],"version-history":[{"count":2,"href":"https:\/\/www.best-tours-morocco.com\/es\/wp-json\/wp\/v2\/pages\/75111\/revisions\/"}],"predecessor-version":[{"id":75231,"href":"https:\/\/www.best-tours-morocco.com\/es\/wp-json\/wp\/v2\/pages\/75111\/revisions\/75231\/"}],"wp:attachment":[{"href":"https:\/\/www.best-tours-morocco.com\/es\/wp-json\/wp\/v2\/media\/?parent=75111"}],"curies":[{"name":"wp","href":"https:\/\/api.w.org\/{rel}","templated":true}]}}