{"id":75110,"date":"2022-02-27T15:19:00","date_gmt":"2022-02-27T15:19:00","guid":{"rendered":"https:\/\/www.best-tours-morocco.com\/wp\/4-days-from-fes-to-merzouga-dunes-to-marrakech\/"},"modified":"2022-03-17T16:21:40","modified_gmt":"2022-03-17T16:21:40","slug":"4-dias-desde-fes-dunas-de-merzouga-a-marrakech","status":"publish","type":"page","link":"https:\/\/www.best-tours-morocco.com\/es\/4-dias-desde-fes-dunas-de-merzouga-a-marrakech\/","title":{"rendered":"4 D\u00edas desde Fes dunas de Merzouga a Marrakech"},"content":{"rendered":"<h4>D\u00eda 1: Fes Ifrane Midelt Erfoud dunas de Merzouga (Erg Chebbi) :<\/h4>\n<p>La salida desde el Riad\/Hotel se encuentra a 8 Am. El viaje a Erg Chebbi dunas durar\u00e1 8 horas en el que podremos ver las monta\u00f1as del Atlas y algunas aldeas (Tafilalet, Erfoud y Rissani). Nos detendremos en algunas ciudades como Ifrane y Azrou para disfrutar de las vistas de los bosques de cedro y monos que viven all\u00ed. El almuerzo ser\u00e1 servido en Midelt y luego vamos a seguir pasando por el valle de Ziz con una hermosa vista de las palmeras hasta llegar a Erg Chebbi : donde haremos camel treck para alcanzar el desierto campamento para pasar la noche en una tienda berebere.<\/p>\n<h4>D\u00eda 2: Erg Chebbi Rissani Todra :<\/h4>\n<p>Despu\u00e9s del desayuno, caminata de camello nuevamente al hotel para una ducha. Dejamos el desierto del Sahara Erg Chebbi, sube de un terreno accidentado recorrido en coche a trav\u00e9s de la Hamada ( desierto negro) para llegar al S\u00e1hara ciudad de Rissani. Posteriormente, nos dirigimos al norte hacia Erfoud que es conocido por los f\u00f3siles; aqu\u00ed podemos parar para visitar un taller de f\u00f3siles antes de que procedamos al impresionante valle del Todra, conocido para la escalada en roca, donde usted puede caminar antes de ir en coche al hotel, Cena y alojamiento.<\/p>\n<h4>D\u00eda 3: Valle de Todra Dades Skoura Ouarzazate :<\/h4>\n<p>Desayuno en el hotel, empezamos nuestro viaje por el camino de las Mil Kasbahs, desde all\u00ed son colosales kasbahs en ambos lados de la calle. Algunas de las mencionadas antiguas casas restauradas reforzado sin embargo tristemente una medida considerable de ellos son vestigios. Pasaremos por el valle de Dades y continuar off road a la zona rocosa , donde numerosos pueblos ber\u00e9beres y muchos n\u00f3madas que viven en cavernas, aqu\u00ed tendremos la oportunidad de visitar una de estas familias e investigar su vida cotidiana y su movimiento \u201cfundamental atender a grupos de cabras &amp; chirp\u201d. Vamos a ser sorprendido por las escenas de la brillante rosas valle antes logremos Skoura palmerales . 45km m\u00e1s, logramos Ouarzazate para pasar la noche en un hotel local .<\/p>\n<h4>D\u00eda 4: Ouarzazate Ait Benhaddou Alto Atlas Marrakech :<\/h4>\n<p>Despu\u00e9s del desayuno, empezaremos nuestro viaje por una visita de estudios de cine encuentra en Ouarzazate, la cual es considerada como el Hollywood de \u00c1frica. Posteriormente visitaremos el sitio patrimonio de todo incluido de Ait Benhaddou Kasbah, tal como ha sido nombrada por la Unesco en 1987. Ait Benhaddou es el sitio de Patrimonio Mundial, que se ha utilizado como un valor de m\u00e1s de 20 pel\u00edculas que incorporen \u201cGladiator\u201d, \u201cIndiana Jones\u201d y \u201cLawrence de Arabia\u201d. Del\u00e9itate con un paseo para investigar el estilo marroqu\u00ed universal de modelado de construcci\u00f3n en la que se construyen las Kasbahs. Partimos nuestro enfoque a Marrakech a trav\u00e9s de las monta\u00f1as del Gran Atlas y Tizi n\u2019tichka pass. Parada para el almuerzo hasta el centro de las monta\u00f1as del Atlas. Traslado a su hotel o riad en Marrakech .<\/p>\n","protected":false},"excerpt":{"rendered":"<p>D\u00eda 1: Fes Ifrane Midelt Erfoud dunas de Merzouga (Erg Chebbi) : La salida desde el Riad\/Hotel se encuentra a 8 Am. El viaje a Erg Chebbi dunas durar\u00e1 8 horas en el que podremos ver las monta\u00f1as del Atlas y algunas aldeas (Tafilalet, Erfoud y Rissani). Nos detendremos en algunas ciudades como Ifrane y&#8230;<\/p>\n","protected":false},"author":1,"featured_media":0,"parent":0,"menu_order":0,"comment_status":"closed","ping_status":"closed","template":"","meta":{"_kad_post_transparent":"default","_kad_post_title":"default","_kad_post_layout":"default","_kad_post_sidebar_id":"","_kad_post_content_style":"default","_kad_post_vertical_padding":"default","_kad_post_feature":"","_kad_post_feature_position":"","_kad_post_header":false,"_kad_post_footer":false,"footnotes":""},"class_list":["post-75110","page","type-page","status-publish","hentry"],"_links":{"self":[{"href":"https:\/\/www.best-tours-morocco.com\/es\/wp-json\/wp\/v2\/pages\/75110\/"}],"collection":[{"href":"https:\/\/www.best-tours-morocco.com\/es\/wp-json\/wp\/v2\/pages\/"}],"about":[{"href":"https:\/\/www.best-tours-morocco.com\/es\/wp-json\/wp\/v2\/types\/page\/"}],"author":[{"embeddable":true,"href":"https:\/\/www.best-tours-morocco.com\/es\/wp-json\/wp\/v2\/users\/1\/"}],"replies":[{"embeddable":true,"href":"https:\/\/www.best-tours-morocco.com\/es\/wp-json\/wp\/v2\/comments\/?post=75110"}],"version-history":[{"count":2,"href":"https:\/\/www.best-tours-morocco.com\/es\/wp-json\/wp\/v2\/pages\/75110\/revisions\/"}],"predecessor-version":[{"id":75234,"href":"https:\/\/www.best-tours-morocco.com\/es\/wp-json\/wp\/v2\/pages\/75110\/revisions\/75234\/"}],"wp:attachment":[{"href":"https:\/\/www.best-tours-morocco.com\/es\/wp-json\/wp\/v2\/media\/?parent=75110"}],"curies":[{"name":"wp","href":"https:\/\/api.w.org\/{rel}","templated":true}]}}