{"id":75109,"date":"2022-02-27T15:17:06","date_gmt":"2022-02-27T15:17:06","guid":{"rendered":"https:\/\/www.best-tours-morocco.com\/wp\/3-days-from-marrakech-to-dades-gorges-and-merzouga\/"},"modified":"2022-03-17T14:55:16","modified_gmt":"2022-03-17T14:55:16","slug":"3-dias-desde-marrakech-dades-gargantas-merzouga","status":"publish","type":"page","link":"https:\/\/www.best-tours-morocco.com\/es\/3-dias-desde-marrakech-dades-gargantas-merzouga\/","title":{"rendered":"3 D\u00edas desde Marrakech Dades gargantas Merzouga"},"content":{"rendered":"<p>D\u00eda 1 : Marrakech Dades gargantas :<br \/>\nDejamos Marrakech para comenzar nuestra excursi\u00f3n a dades gargantas. Pasamos a trav\u00e9s de Tizi-n-Tichka en las monta\u00f1as del gran Atlas donde tendr\u00e1 oportunidad de tomar algunas fotos del paisaje perfecto. Visitaremos el poblado -Ait Ben Haddou kasbah, reconocido por la UNESCO como patrimonio mundial. Es tambi\u00e9n el mejor lugar para los famosos directores de cine y luego continuamos hacia paisajes naturales del Valle de Las Rosas, que es conocido por el Festival de las rosas. Despu\u00e9s llegaremos a dades gargantas y pasaremos la noche en un hotel aqu\u00ed.<\/p>\n<p>D\u00eda 2: Dades gargantas Merzouga :<br \/>\nHoy llegamos a Merzouga que es conocido por las m\u00e1s altas dunas de arena en el norte de \u00c1frica. Se llama Erg Chebbi desierto del Sahara . En nuestro camino, tendremos la oportunidad de ver muchos oasis como el oasis de Tinjdad. Despu\u00e9s llegamos a Rissani ,continuaremos nuestro camino disfrutando los verdes oasis de palmeras de Ziz -Tafilalet y la Hamada antes de llegar a Merzouga. All\u00ed podremos tomar paseo en camello para tener una aventura en las dunas de arena. Pasaremos la noche en un campamento equipado sitio en medio del Sahara! Esta es una gran oportunidad para tomar fotos hermosas de el atardecer y el amanecer. En este momento, vamos a descubrir los secretos del Sahara y sus horizontes ilimitados.<\/p>\n<p>D\u00eda 3 : Merzouga Marrakech :<br \/>\nDespu\u00e9s de un desayuno temprano en las dunas , montamos los camellos de vuelta al hotel. Debemos tomar una ducha, y luego empezaremos nuestro viaje a Marrakech por valle Draa ,Agdaz, Ouarzazat y Kasbahs en el camino. Finalmente llegamos a Marrakech y nosotros te dejar\u00e1n en su hotel o en el aeropuerto.<\/p>\n","protected":false},"excerpt":{"rendered":"<p>D\u00eda 1 : Marrakech Dades gargantas : Dejamos Marrakech para comenzar nuestra excursi\u00f3n a dades gargantas. Pasamos a trav\u00e9s de Tizi-n-Tichka en las monta\u00f1as del gran Atlas donde tendr\u00e1 oportunidad de tomar algunas fotos del paisaje perfecto. Visitaremos el poblado -Ait Ben Haddou kasbah, reconocido por la UNESCO como patrimonio mundial. Es tambi\u00e9n el mejor&#8230;<\/p>\n","protected":false},"author":1,"featured_media":0,"parent":0,"menu_order":0,"comment_status":"closed","ping_status":"closed","template":"","meta":{"_kad_post_transparent":"default","_kad_post_title":"default","_kad_post_layout":"default","_kad_post_sidebar_id":"","_kad_post_content_style":"default","_kad_post_vertical_padding":"default","_kad_post_feature":"","_kad_post_feature_position":"","_kad_post_header":false,"_kad_post_footer":false,"footnotes":""},"class_list":["post-75109","page","type-page","status-publish","hentry"],"_links":{"self":[{"href":"https:\/\/www.best-tours-morocco.com\/es\/wp-json\/wp\/v2\/pages\/75109\/"}],"collection":[{"href":"https:\/\/www.best-tours-morocco.com\/es\/wp-json\/wp\/v2\/pages\/"}],"about":[{"href":"https:\/\/www.best-tours-morocco.com\/es\/wp-json\/wp\/v2\/types\/page\/"}],"author":[{"embeddable":true,"href":"https:\/\/www.best-tours-morocco.com\/es\/wp-json\/wp\/v2\/users\/1\/"}],"replies":[{"embeddable":true,"href":"https:\/\/www.best-tours-morocco.com\/es\/wp-json\/wp\/v2\/comments\/?post=75109"}],"version-history":[{"count":1,"href":"https:\/\/www.best-tours-morocco.com\/es\/wp-json\/wp\/v2\/pages\/75109\/revisions\/"}],"predecessor-version":[{"id":75157,"href":"https:\/\/www.best-tours-morocco.com\/es\/wp-json\/wp\/v2\/pages\/75109\/revisions\/75157\/"}],"wp:attachment":[{"href":"https:\/\/www.best-tours-morocco.com\/es\/wp-json\/wp\/v2\/media\/?parent=75109"}],"curies":[{"name":"wp","href":"https:\/\/api.w.org\/{rel}","templated":true}]}}