{"id":75108,"date":"2022-02-27T15:18:39","date_gmt":"2022-02-27T15:18:39","guid":{"rendered":"https:\/\/www.best-tours-morocco.com\/wp\/3-days-from-fes-to-sahara-desert\/"},"modified":"2022-03-17T16:22:12","modified_gmt":"2022-03-17T16:22:12","slug":"3-dias-desde-fes-al-desierto-del-sahara","status":"publish","type":"page","link":"https:\/\/www.best-tours-morocco.com\/es\/3-dias-desde-fes-al-desierto-del-sahara\/","title":{"rendered":"3 d\u00edas desde Fes al desierto del Sahara"},"content":{"rendered":"<h4>D\u00eda 1: Fez para Merzouga a trav\u00e9s de Ifrane Midelt y las monta\u00f1as del Atlas :<\/h4>\n<p>La salida desde el Riad\/Hotel se encuentra a 8 Am. El viaje a Erg Chebbi dunas durar\u00e1 8 horas en el que podremos ver las monta\u00f1as del Atlas y algunas aldeas (Tafilalet, Erfoud y Rissani). Nos detendremos en algunas ciudades como Ifrane y Azrou para disfrutar de las vistas de los bosques de cedro y monos que viven all\u00ed. El almuerzo ser\u00e1 servido en Midelt y luego vamos a seguir pasando por el valle de Ziz con una hermosa vista de las palmeras hasta llegar a Erg Chebbi : donde haremos camel treck para alcanzar el desierto campamento para pasar la noche en una tienda berebere.<\/p>\n<h4>D\u00eda 2: Merzouga para dades a trav\u00e9s de Todgha desfiladeros y Tinghir :<\/h4>\n<p>Despu\u00e9s del desayuno, dejaremos el desierto del S\u00e1hara de Erg Chebbi : off road, una unidad a trav\u00e9s de la Hamada ( desierto negro) para llegar al S\u00e1hara ciudad de Rissani. Posteriormente, nos dirigimos al norte hacia Erfoud que es conocido por los f\u00f3siles; aqu\u00ed podemos parar para visitar un taller de f\u00f3siles antes de que procedamos al impresionante valle del Todra, conocido para la escalada en roca, donde se puede hacer senderismo, antes de ir en coche a dades gargantas para el hotel, Cena y alojamiento.<\/p>\n<h4>D\u00eda 3: Dades ca\u00f1ones a Marrakech via Ouarzazate Ait Benhaddou, Kasbah y hight Atlas :<\/h4>\n<p>Despu\u00e9s de su desayuno en el hotel, comenzaremos el d\u00eda m\u00e1s reciente en nuestra forma de conducir througth las mil kasbah road, las rosas vally, una visita a Skoura oisis con su cre\u00edble del siglo 17 , una visita a la kasbah Ait Ben Haddou kasbah (Ait Benhaddou es el sitio de Patrimonio Mundial, que se ha utilizado como un valor de m\u00e1s de 20 pel\u00edculas que incorporen \u201cGladiator\u201d, \u201cIndiana Jones\u201d y \u201cLawrence de Arabia\u201d), despu\u00e9s del almuerzo, a 4 horas en coche a trav\u00e9s de Tizi ntichka con paradas a lo largo de paso Llegada a Marrakech a las 6:00 pm.<\/p>\n","protected":false},"excerpt":{"rendered":"<p>D\u00eda 1: Fez para Merzouga a trav\u00e9s de Ifrane Midelt y las monta\u00f1as del Atlas : La salida desde el Riad\/Hotel se encuentra a 8 Am. El viaje a Erg Chebbi dunas durar\u00e1 8 horas en el que podremos ver las monta\u00f1as del Atlas y algunas aldeas (Tafilalet, Erfoud y Rissani). Nos detendremos en algunas&#8230;<\/p>\n","protected":false},"author":1,"featured_media":0,"parent":0,"menu_order":0,"comment_status":"closed","ping_status":"closed","template":"","meta":{"_kad_post_transparent":"default","_kad_post_title":"default","_kad_post_layout":"default","_kad_post_sidebar_id":"","_kad_post_content_style":"default","_kad_post_vertical_padding":"default","_kad_post_feature":"","_kad_post_feature_position":"","_kad_post_header":false,"_kad_post_footer":false,"footnotes":""},"class_list":["post-75108","page","type-page","status-publish","hentry"],"_links":{"self":[{"href":"https:\/\/www.best-tours-morocco.com\/es\/wp-json\/wp\/v2\/pages\/75108\/"}],"collection":[{"href":"https:\/\/www.best-tours-morocco.com\/es\/wp-json\/wp\/v2\/pages\/"}],"about":[{"href":"https:\/\/www.best-tours-morocco.com\/es\/wp-json\/wp\/v2\/types\/page\/"}],"author":[{"embeddable":true,"href":"https:\/\/www.best-tours-morocco.com\/es\/wp-json\/wp\/v2\/users\/1\/"}],"replies":[{"embeddable":true,"href":"https:\/\/www.best-tours-morocco.com\/es\/wp-json\/wp\/v2\/comments\/?post=75108"}],"version-history":[{"count":3,"href":"https:\/\/www.best-tours-morocco.com\/es\/wp-json\/wp\/v2\/pages\/75108\/revisions\/"}],"predecessor-version":[{"id":75235,"href":"https:\/\/www.best-tours-morocco.com\/es\/wp-json\/wp\/v2\/pages\/75108\/revisions\/75235\/"}],"wp:attachment":[{"href":"https:\/\/www.best-tours-morocco.com\/es\/wp-json\/wp\/v2\/media\/?parent=75108"}],"curies":[{"name":"wp","href":"https:\/\/api.w.org\/{rel}","templated":true}]}}