{"id":75107,"date":"2022-02-27T15:16:40","date_gmt":"2022-02-27T15:16:40","guid":{"rendered":"https:\/\/www.best-tours-morocco.com\/wp\/2-days-desert-tours-from-marrakech-to-zagora\/"},"modified":"2022-03-17T16:22:21","modified_gmt":"2022-03-17T16:22:21","slug":"2-dias-desde-marrakech-a-zagora-desierto","status":"publish","type":"page","link":"https:\/\/www.best-tours-morocco.com\/es\/2-dias-desde-marrakech-a-zagora-desierto\/","title":{"rendered":"2 D\u00edas desde Marrakech a Zagora Desierto"},"content":{"rendered":"<h4>D\u00eda 1 : Marakech Ait Benhaddou Ouarzazate Valle Draa Zagora :<\/h4>\n<p>El chofer al hotel o en el aeropuerto de Marrakech. A continuaci\u00f3n, conduzca hacia las altas monta\u00f1as Atlas en la cumbre de 2.260 m (Tizi n Tichka). Nos detendremos para hacer buenas fotos a trav\u00e9s de los valles y los pueblos ber\u00e9beres. Llegamos a la Kasbah de Ait Benhadou, una de las herencias clasificado por la UNESCO para la visita. El almuerzo ser\u00e1 en el Hollywood de \u00c1frica del Norte llamado Ouarzazate. Continuamos hasta alcanzar el valle del Draa en la longitud de 200 km. alcanzamos Zagora. A continuaci\u00f3n, se ponen en marcha en camello para una caminata de 1 hora en las dunas para ver el atardecer. Usted pasar\u00e1 la noche en carpa n\u00f3mada bereber con cena .<\/p>\n<h4>D\u00eda 2 : Zagora Agdez Alto Atlas Marrakech :<\/h4>\n<p>Levantarse temprano para disfrutar del amanecer sobre las dunas y la comida del desayuno, paseo del camello ya a Zagora para llegar a su veh\u00edculo, y luego conduzca a trav\u00e9s del valle del Draa y Agdez para descubrir los tesoros escondidos de la regi\u00f3n sur y contin\u00fae hacia Ouarzazate donde podr\u00e1 disfrutar de un almuerzo y explorar la ciudad con sus estudios de cine. Por la tarde regresamos a Marrakech a trav\u00e9s del Alto Atlas. Llegamos a Marrakech aproximadamente a las 06:00 p.m<\/p>\n","protected":false},"excerpt":{"rendered":"<p>D\u00eda 1 : Marakech Ait Benhaddou Ouarzazate Valle Draa Zagora : El chofer al hotel o en el aeropuerto de Marrakech. A continuaci\u00f3n, conduzca hacia las altas monta\u00f1as Atlas en la cumbre de 2.260 m (Tizi n Tichka). Nos detendremos para hacer buenas fotos a trav\u00e9s de los valles y los pueblos ber\u00e9beres. Llegamos a&#8230;<\/p>\n","protected":false},"author":1,"featured_media":0,"parent":0,"menu_order":0,"comment_status":"closed","ping_status":"closed","template":"","meta":{"_kad_post_transparent":"default","_kad_post_title":"default","_kad_post_layout":"default","_kad_post_sidebar_id":"","_kad_post_content_style":"default","_kad_post_vertical_padding":"default","_kad_post_feature":"","_kad_post_feature_position":"","_kad_post_header":false,"_kad_post_footer":false,"footnotes":""},"class_list":["post-75107","page","type-page","status-publish","hentry"],"_links":{"self":[{"href":"https:\/\/www.best-tours-morocco.com\/es\/wp-json\/wp\/v2\/pages\/75107\/"}],"collection":[{"href":"https:\/\/www.best-tours-morocco.com\/es\/wp-json\/wp\/v2\/pages\/"}],"about":[{"href":"https:\/\/www.best-tours-morocco.com\/es\/wp-json\/wp\/v2\/types\/page\/"}],"author":[{"embeddable":true,"href":"https:\/\/www.best-tours-morocco.com\/es\/wp-json\/wp\/v2\/users\/1\/"}],"replies":[{"embeddable":true,"href":"https:\/\/www.best-tours-morocco.com\/es\/wp-json\/wp\/v2\/comments\/?post=75107"}],"version-history":[{"count":3,"href":"https:\/\/www.best-tours-morocco.com\/es\/wp-json\/wp\/v2\/pages\/75107\/revisions\/"}],"predecessor-version":[{"id":75236,"href":"https:\/\/www.best-tours-morocco.com\/es\/wp-json\/wp\/v2\/pages\/75107\/revisions\/75236\/"}],"wp:attachment":[{"href":"https:\/\/www.best-tours-morocco.com\/es\/wp-json\/wp\/v2\/media\/?parent=75107"}],"curies":[{"name":"wp","href":"https:\/\/api.w.org\/{rel}","templated":true}]}}