{"id":75106,"date":"2022-02-27T15:22:00","date_gmt":"2022-02-27T15:22:00","guid":{"rendered":"https:\/\/www.best-tours-morocco.com\/wp\/12-day-tanger-merzouga-ouarzazat-essaouira\/"},"modified":"2022-03-17T16:23:06","modified_gmt":"2022-03-17T16:23:06","slug":"12-dias-tanger-merzouga-ouarzazat-essaouira","status":"publish","type":"page","link":"https:\/\/www.best-tours-morocco.com\/es\/12-dias-tanger-merzouga-ouarzazat-essaouira\/","title":{"rendered":"12 D\u00edas T\u00e1nger Merzouga Ouarzazat Essaouira"},"content":{"rendered":"<h4>D\u00eda 1: T\u00e1nger Chefchaouen :<\/h4>\n<p>Recepci\u00f3n en el puerto de T\u00e1nger y el viaje comenzar\u00e1 a entrar en el Rif y alcanzar Chefchaouen,ciudad bereber significa \u201cbocina\u201d, hermoso lugar, donde el contraste de las casas blancas dispuestas en diferentes planos de la zona verde resaltado regadas por el r\u00edo. Cena y noche en el Hotel o riad.<\/p>\n<h4>D\u00eda 2: Chefchaouen Volubilis Meknes Fes :<\/h4>\n<p>Despu\u00e9s del desayuno salida hacia Fes.Visita de las ruinas romanas de Volubilis y continuar hacia Meknes para visitar la vieja Medina de esta ciudad imperial rodeada por murallas. A continuaci\u00f3n, continuar con la visita a la Medina de Meknes rodeado por murallas.De continuar hasta su alojamiento en el hotel o riad en Fes.<\/p>\n<h4>D\u00eda 3: Fes Fes :<\/h4>\n<p>Todo el d\u00eda dedicado a la FES, la m\u00e1s antigua ciudad imperial de Marruecos, fundada en el siglo VIII por Moulay Idriss II. Usted visitar\u00e1 la Medina, Ennajarine M\u00e9dersas Attarine, Fontaine, el mausoleo de Moulay Idriss y la Mezquita Karawiyin y la nueva medina de Fez Jdid .En la tarde, registro en el hotel o riad.<\/p>\n<h4>D\u00eda 4: Fes Merzouga :<\/h4>\n<p>Por la ma\u00f1ana comienzan a la aldea del desierto de Merzouga a trav\u00e9s de Azrou, los bosques de cedro y Ziz Gorge. Esta es una ruta interesante y puede parar a almorzar en Midelt.tarde llegue al borde de las dunas de Erg Chebbi y verificar en el Desert Inn hotel donde usted puede vagar en el desierto de inmediato para ver la puesta de sol.<\/p>\n<h4>D\u00eda 5: Merzouga Erg Chebbi Merzouga :<\/h4>\n<p>Hoy usted tendr\u00e1 la ventaja de descubrir la regi\u00f3n de Merzouga: usted comenzar\u00e1 por el poblado de gente de piel oscura y tomar una taza de t\u00e9 a la menta y disfrutar de la m\u00fasica gnawa en vivo que se juega por esas personas. A continuaci\u00f3n, usted explorar\u00e1 el Lago del Desierto, con diferentes tipos de aves.continuar hacia la inmensa palma de Tafilalet, visitando la ciudad de Rissani (el origen de la dinast\u00eda Alaouita y la antigua capital de los Sultanes Alaouita)con sus poblados fortificados y los zocos.Por la tarde regresamos a Inn Hotel. Paseos en camello al atardecer y m\u00e1s la estancia en tienda bereber en el coraz\u00f3n de las dunas. Un d\u00eda lleno de aventura y cultura<\/p>\n<h4>D\u00eda 6: Merzouga Todra Dades gargantas :<\/h4>\n<p>Despertar temprano por la ma\u00f1ana para el montar a caballo del camello y sobresaliente del amanecer. Llegada al hotel para refrescarse y desayuno. Salen a dades gargantas a trav\u00e9s de varios pueblos ber\u00e9beres. Visita y almuerzo en Todra.Tarde siguen Dades Valle.Noche en el hotel\/kasbah en dades gargantas.<\/p>\n<h4>D\u00eda 7: Dades gargantas Ouarzazate :<\/h4>\n<p>Despu\u00e9s del desayuno, contin\u00fae a la ciudad de Ouarzazate, a trav\u00e9s de la carretera de las Mil Kasbahs y off road a la rosa valle donde usted tendr\u00e1 tiempo para visitar nomades que viven en las cuevas. Continuar Skoura palmerie(visita de Aridhyl).visita Kasbah Taourirt Kasbah en Ouarzazat.Noche en el Riad\/Kasbah de Ouarzazate.<\/p>\n<h4>D\u00eda 8: Marrakech \u2013 Essaouira Ait Ben-Haddou :<\/h4>\n<p>Despu\u00e9s del desayuno en coche de Ouarzazate a Ait Ben Haddou Kasbah. Visita de este antiguo pueblo bereber, donde muchas pel\u00edculas filmadas como Obelix, Gladiator y otros. Continuamos por el camino hacia Marrakech cruzando el Alto Atlas a trav\u00e9s de T\u2019ichka pasar de 2.260 m.alt, parando en lugares con magn\u00edficas vistas panor\u00e1micas para tomar fotograf\u00edas, comer en Marrakech, y siga el camino hasta Essaouirra, alojamiento en el Hotel o riad.<\/p>\n<h4>D\u00eda 9: Essaouira Marrakech :<\/h4>\n<p>Despu\u00e9s del desayuno, visita de la antigua ciudad de Essaouira, acompa\u00f1ado por un gu\u00eda local o por cuenta propia. El resto del tiempo en la playa, alrededor de las 2 de la tarde regresamos a Marrakech, noche en un hotel o Riad.<\/p>\n<h4>D\u00eda 10: Marrakech Marrakech :<\/h4>\n<p>Despu\u00e9s del desayuno, el grupo tendr\u00e1 una visita guiada de Marrakech, la perla del sur de Marruecos. Usted descubrir\u00e1 la bahia y El Badi Palacios, las Tumbas Saadianas, la Menara cuenca y muchos otros tesoros escondidos. El almuerzo ser\u00e1 en uno de los mejores restaurantes tradicionales en Marrakech.<\/p>\n<p>Despu\u00e9s del almuerzo, se continuar\u00e1 con la visita a la magn\u00edfica Mezquita Koutoubia y la famosa plaza Djemaa el Fna, una de las atracciones del centro de Marrakech. Pr\u00f3ximos viva en la noche con los narradores, animadores, y deliciosa barbacoa, la plaza est\u00e1 bien merece una visita.<\/p>\n<h4>D\u00eda 11: Marrakech Casablanca Rabat Asilah :<\/h4>\n<p>Temprano en la ma\u00f1ana a Casablanca. Visite la Mezquita de Hassan II, y luego continuar a Asilah en la carretera de la costa a trav\u00e9s de Rabat y Larach. Alojamiento en el Hotel en Asilah.<\/p>\n<h4>D\u00eda 12: Asilah T\u00e1nger :<\/h4>\n<p>Pase la ma\u00f1ana en la playa y visitar la medina de Asilah, luego al puerto para tomar el ferry de regreso.<\/p>\n","protected":false},"excerpt":{"rendered":"<p>D\u00eda 1: T\u00e1nger Chefchaouen : Recepci\u00f3n en el puerto de T\u00e1nger y el viaje comenzar\u00e1 a entrar en el Rif y alcanzar Chefchaouen,ciudad bereber significa \u201cbocina\u201d, hermoso lugar, donde el contraste de las casas blancas dispuestas en diferentes planos de la zona verde resaltado regadas por el r\u00edo. Cena y noche en el Hotel o&#8230;<\/p>\n","protected":false},"author":1,"featured_media":0,"parent":0,"menu_order":0,"comment_status":"closed","ping_status":"closed","template":"","meta":{"_kad_post_transparent":"default","_kad_post_title":"default","_kad_post_layout":"default","_kad_post_sidebar_id":"","_kad_post_content_style":"default","_kad_post_vertical_padding":"default","_kad_post_feature":"","_kad_post_feature_position":"","_kad_post_header":false,"_kad_post_footer":false,"footnotes":""},"class_list":["post-75106","page","type-page","status-publish","hentry"],"_links":{"self":[{"href":"https:\/\/www.best-tours-morocco.com\/es\/wp-json\/wp\/v2\/pages\/75106\/"}],"collection":[{"href":"https:\/\/www.best-tours-morocco.com\/es\/wp-json\/wp\/v2\/pages\/"}],"about":[{"href":"https:\/\/www.best-tours-morocco.com\/es\/wp-json\/wp\/v2\/types\/page\/"}],"author":[{"embeddable":true,"href":"https:\/\/www.best-tours-morocco.com\/es\/wp-json\/wp\/v2\/users\/1\/"}],"replies":[{"embeddable":true,"href":"https:\/\/www.best-tours-morocco.com\/es\/wp-json\/wp\/v2\/comments\/?post=75106"}],"version-history":[{"count":3,"href":"https:\/\/www.best-tours-morocco.com\/es\/wp-json\/wp\/v2\/pages\/75106\/revisions\/"}],"predecessor-version":[{"id":75237,"href":"https:\/\/www.best-tours-morocco.com\/es\/wp-json\/wp\/v2\/pages\/75106\/revisions\/75237\/"}],"wp:attachment":[{"href":"https:\/\/www.best-tours-morocco.com\/es\/wp-json\/wp\/v2\/media\/?parent=75106"}],"curies":[{"name":"wp","href":"https:\/\/api.w.org\/{rel}","templated":true}]}}