{"id":75105,"date":"2022-02-27T15:21:44","date_gmt":"2022-02-27T15:21:44","guid":{"rendered":"https:\/\/www.best-tours-morocco.com\/wp\/11-days-from-tangier-to-the-south\/"},"modified":"2022-03-17T16:23:44","modified_gmt":"2022-03-17T16:23:44","slug":"11-dias-desde-tanger-hasta-el-sur","status":"publish","type":"page","link":"https:\/\/www.best-tours-morocco.com\/es\/11-dias-desde-tanger-hasta-el-sur\/","title":{"rendered":"11 d\u00edas desde T\u00e1nger hasta el sur"},"content":{"rendered":"<h4>D\u00eda 1: Llegada a Tanger :<\/h4>\n<p>Llegada a T\u00e1nger Bienvenido a desembarcar en el puerto, traslado al hotel.<\/p>\n<h4>D\u00eda 2: Tanger a Chefchauen :<\/h4>\n<p>Visite las aldeas tradicionales a lo largo de la carretera, llegando a Chefchauen. Paseo por el pueblo, tomando ventaja de su famoso, mercados, etc. .. Noche en el hotel.<\/p>\n<h4>D\u00eda 3: Fez Chefchauen :<\/h4>\n<p>Ma\u00f1ana Camino a Fez, almuerzo y visita de la medina y los curtidores. Noche en el hotel.<\/p>\n<h4>D\u00eda 4: Fez Ifrane Azrou Midelte Erfoud Merzouga Rissani :<\/h4>\n<p>El primero en ver los lagos en Ifrane. Vaya a trav\u00e9s del bosque de los monos. Camine a trav\u00e9s del Medio Atlas, pasaremos por el pueblo donde Midalte almuerzo y continu\u00f3 hasta el lago de Errachidia, cruzando el valle ZIZ, aldeas, llegando a Erfoud. Noche en una Kasbah en Merzouga<\/p>\n<h4>D\u00eda 5: Rissani a Merzouga Erg Chebbi : (90 km de pistas) :<\/h4>\n<p>Despu\u00e9s del desayuno, nos vamos a ver las dunas y el oasis de Merzouga, las tierras n\u00f3madas, 2 residentes de KHAMLIA (negros), las minas de MIFISS, meseta des\u00e9rtica, n\u00f3madas bereberes, el oasis TISSARDMINE . Por la tarde, paseo por las dunas en camello para ver el atardecer. Dormir en el desierto junto a un precioso oasis. Noche vivac (nomade tente).<\/p>\n<h4>D\u00eda 6: Merzouga Rissani Gorge de Todra Dad\u00e8s :<\/h4>\n<p>Comenzaremos visitando el mercado de Rissani, , donde la pista comienza a llegar a las famosas Gargantas del Todra, comida y descanso, continuamos nuestro camino hacia las Gorges du dades. Noche en el hotel.<\/p>\n<h4>D\u00eda 7: Dad\u00e8s Bouthrar Skoura Ait Ben Haddou :<\/h4>\n<p>Despu\u00e9s del desayuno, cruzamos el valle del Dades conocimientos de varios pueblos ber\u00e9beres. Seguir caminando por una pista de monta\u00f1a AMGOUNE, as\u00ed que vamos a ver las cuevas de n\u00f3madas, el Valle de Las Rosas, visitar la Kasbah de AMRIDILE, llegamos al lago de Ouarzazate, Almuerzo y descanso, a\u00fan en A\u00eft-Ben Haddou. Noche en el hotel.<\/p>\n<h4>D\u00eda 8: A\u00eft Ben Haddou Marrakech :<\/h4>\n<p>Despu\u00e9s del desayuno, visita de un verdadero viejo Kasbah, que ha convertido a pel\u00edculas como Obelix, Gladiator y muchos otros. Siga la ruta para cruzar el Alto Atlas hasta el puerto de T\u2019ichka altura de 2260 metros, parando en lugares con hermosas vistas panor\u00e1micas para tomar fotograf\u00edas, dormir en el Hotel o Riad<\/p>\n<h4>D\u00eda 9: visita a Marrakech :<\/h4>\n<p>Despu\u00e9s del desayuno visitaremos los palacios \u00e1rabes y vieja escuela del Cor\u00e1n para saborear la cultura y la historia de Marruecos. Visite el jard\u00edn M\u00e9nara y el souk donde muchos artesanos del gremio pueden ser observados mientras trabajan. Bellos tapices y telas y cuero. Las especias ex\u00f3ticas. La Plaza Djemna El Fna bereber con m\u00fasicos, encantadores de serpientes, adivinos, encantadores de serpientes, comefuegos, narradores es un deber. La noche trae la fantasia espectacular, una cena especial de Marrakech.<\/p>\n<h4>D\u00eda 10: Marrakech Casablanca Rabat Asilah :<\/h4>\n<p>Salida temprano para visitar la Mezquita de Hassan II, luego a Rabat para visitar el museo y la mezquita de Mohamed V, la alimentaci\u00f3n y el descanso. Noche en el hotel.<\/p>\n<h4>D\u00eda 11: Asilah T\u00e1nger :<\/h4>\n<p>Ma\u00f1ana en la playa hasta la recogida por el transportista que nos llevar\u00e1 al puerto para tomar el ferry de vuelta al continente.<\/p>\n","protected":false},"excerpt":{"rendered":"<p>D\u00eda 1: Llegada a Tanger : Llegada a T\u00e1nger Bienvenido a desembarcar en el puerto, traslado al hotel. D\u00eda 2: Tanger a Chefchauen : Visite las aldeas tradicionales a lo largo de la carretera, llegando a Chefchauen. Paseo por el pueblo, tomando ventaja de su famoso, mercados, etc. .. Noche en el hotel. D\u00eda 3:&#8230;<\/p>\n","protected":false},"author":1,"featured_media":0,"parent":0,"menu_order":0,"comment_status":"closed","ping_status":"closed","template":"","meta":{"_kad_post_transparent":"default","_kad_post_title":"default","_kad_post_layout":"default","_kad_post_sidebar_id":"","_kad_post_content_style":"default","_kad_post_vertical_padding":"default","_kad_post_feature":"","_kad_post_feature_position":"","_kad_post_header":false,"_kad_post_footer":false,"footnotes":""},"class_list":["post-75105","page","type-page","status-publish","hentry"],"_links":{"self":[{"href":"https:\/\/www.best-tours-morocco.com\/es\/wp-json\/wp\/v2\/pages\/75105\/"}],"collection":[{"href":"https:\/\/www.best-tours-morocco.com\/es\/wp-json\/wp\/v2\/pages\/"}],"about":[{"href":"https:\/\/www.best-tours-morocco.com\/es\/wp-json\/wp\/v2\/types\/page\/"}],"author":[{"embeddable":true,"href":"https:\/\/www.best-tours-morocco.com\/es\/wp-json\/wp\/v2\/users\/1\/"}],"replies":[{"embeddable":true,"href":"https:\/\/www.best-tours-morocco.com\/es\/wp-json\/wp\/v2\/comments\/?post=75105"}],"version-history":[{"count":3,"href":"https:\/\/www.best-tours-morocco.com\/es\/wp-json\/wp\/v2\/pages\/75105\/revisions\/"}],"predecessor-version":[{"id":75238,"href":"https:\/\/www.best-tours-morocco.com\/es\/wp-json\/wp\/v2\/pages\/75105\/revisions\/75238\/"}],"wp:attachment":[{"href":"https:\/\/www.best-tours-morocco.com\/es\/wp-json\/wp\/v2\/media\/?parent=75105"}],"curies":[{"name":"wp","href":"https:\/\/api.w.org\/{rel}","templated":true}]}}