{"id":75104,"date":"2022-02-27T15:20:37","date_gmt":"2022-02-27T15:20:37","guid":{"rendered":"https:\/\/www.best-tours-morocco.com\/wp\/10-days-casablanca-fes-merzouga-desert\/"},"modified":"2022-03-17T15:53:59","modified_gmt":"2022-03-17T15:53:59","slug":"10-dias-casablanca-fes-merzouga-desierto","status":"publish","type":"page","link":"https:\/\/www.best-tours-morocco.com\/es\/10-dias-casablanca-fes-merzouga-desierto\/","title":{"rendered":"10 d\u00edas Casablanca Fes Merzouga desierto"},"content":{"rendered":"<h4>D\u00eda 1: Llegada al aeropuerto de Casablanca :<\/h4>\n<p>Se re\u00fanen en el aeropuerto y traslado al hotel.<\/p>\n<h4>D\u00eda 2: Casablanca, Rabat :<\/h4>\n<p>Visite una de las mejores jugadas de Casablanca la mezquita de Hassan II y salida a la ciudad imperial de Rabat, la capital administrativa del reino. Visite M\u00e9chouar (murallas y paredes que rodean el Palacio Real), la Kasbah Oudayas, el magn\u00edfico mausoleo Mohamed V y Hassan II. El alojamiento en el hotel.<\/p>\n<h4>D\u00eda 3: Rabat Fes :<\/h4>\n<p>Visita a la Medina de Meknes rodeado por murallas. visita el barrio jud\u00edo y las ruinas romanas de Volubilis. Alojamiento en el hotel en Fez.<\/p>\n<h4>D\u00eda 4: Fes Fes :<\/h4>\n<p>Todo el d\u00eda dedicado a la FES, la m\u00e1s antigua ciudad imperial de Marruecos, fundada en el siglo VIII por Moulay Idriss II .visitar\u00e1 la Medina, Ennajarine M\u00e9dersas Attarine, Fontaine, el mausoleo de Moulay Idriss y la Mezquita Karawiyin y la nueva medina de Fez Jdid .En la tarde, registro en el hotel.<\/p>\n<h4>D\u00eda 5: Fes Merzouga :<\/h4>\n<p>Conducir m\u00e1s de Merzouga a trav\u00e9s del bosque de cedros Azrou Ziz,Gargantas y Erfoud.llegar a Merzouga para montar en su camello a pasar la noche en el coraz\u00f3n de las dunas bajo tienda n\u00f3mada.<\/p>\n<h4>D\u00eda 06: Merzouga Valle Rosas :<\/h4>\n<p>Usted se despierta temprano para ver el precioso amanecer sobre las dunas.Contin\u00fae Todra, luego al valle del Dades. Noche en el hotel en el valle de Las Rosas.<\/p>\n<h4>D\u00eda 07: Valle de Las Rosas Marrakech :<\/h4>\n<p>Despu\u00e9s del desayuno, contin\u00fae a la ciudad de Ouarzazate, a trav\u00e9s de la carretera de las Mil Kasbahs. Cuando llegue a la ciudad visitar\u00e1 la Kasbah de Taourirt,y la famosa Kasbah de Ait Ben Haddou que est\u00e1 situado a unos 30 Kms de Ouarzazate.Set off a Marrakech por el Alto Atlas a trav\u00e9s de Tizi N\u2019tichka Pass ( alt 2260 m).Noche en el hotel o Riad.<\/p>\n<h4>D\u00eda 08: Marrakech Marrakech :<\/h4>\n<p>Visite la hist\u00f3rica ciudad de Marrakech, fundada en 1062. Marrakech tiene mucho que ofrecer; los jardines de Menara, la Mezquita Koutoubia, las tumbas Sa\u00e2dien y del palacio Bahia, la Jama\u0081EEl Fna es animado y encantador zocos.Noche en el hotel o riad.<\/p>\n<h4>D\u00eda 09: Marrakech Casablanca :<\/h4>\n<p>Ma\u00f1ana libre en Marrakech. Salen de la Casablanca en la tarde. Alojamiento en el hotel.<\/p>\n<h4>D\u00eda 10: Aeropuerto de Casablanca :<\/h4>\n<p>Traslado al aeropuerto .Fin de nuestros servicios<\/p>\n","protected":false},"excerpt":{"rendered":"<p>D\u00eda 1: Llegada al aeropuerto de Casablanca : Se re\u00fanen en el aeropuerto y traslado al hotel. D\u00eda 2: Casablanca, Rabat : Visite una de las mejores jugadas de Casablanca la mezquita de Hassan II y salida a la ciudad imperial de Rabat, la capital administrativa del reino. Visite M\u00e9chouar (murallas y paredes que rodean&#8230;<\/p>\n","protected":false},"author":1,"featured_media":0,"parent":0,"menu_order":0,"comment_status":"closed","ping_status":"closed","template":"","meta":{"_kad_post_transparent":"default","_kad_post_title":"default","_kad_post_layout":"default","_kad_post_sidebar_id":"","_kad_post_content_style":"default","_kad_post_vertical_padding":"default","_kad_post_feature":"","_kad_post_feature_position":"","_kad_post_header":false,"_kad_post_footer":false,"footnotes":""},"class_list":["post-75104","page","type-page","status-publish","hentry"],"_links":{"self":[{"href":"https:\/\/www.best-tours-morocco.com\/es\/wp-json\/wp\/v2\/pages\/75104\/"}],"collection":[{"href":"https:\/\/www.best-tours-morocco.com\/es\/wp-json\/wp\/v2\/pages\/"}],"about":[{"href":"https:\/\/www.best-tours-morocco.com\/es\/wp-json\/wp\/v2\/types\/page\/"}],"author":[{"embeddable":true,"href":"https:\/\/www.best-tours-morocco.com\/es\/wp-json\/wp\/v2\/users\/1\/"}],"replies":[{"embeddable":true,"href":"https:\/\/www.best-tours-morocco.com\/es\/wp-json\/wp\/v2\/comments\/?post=75104"}],"version-history":[{"count":3,"href":"https:\/\/www.best-tours-morocco.com\/es\/wp-json\/wp\/v2\/pages\/75104\/revisions\/"}],"predecessor-version":[{"id":75232,"href":"https:\/\/www.best-tours-morocco.com\/es\/wp-json\/wp\/v2\/pages\/75104\/revisions\/75232\/"}],"wp:attachment":[{"href":"https:\/\/www.best-tours-morocco.com\/es\/wp-json\/wp\/v2\/media\/?parent=75104"}],"curies":[{"name":"wp","href":"https:\/\/api.w.org\/{rel}","templated":true}]}}